{"id":35,"date":"2023-04-27T10:58:07","date_gmt":"2023-04-27T10:58:07","guid":{"rendered":"https:\/\/desarrollo.movilex.es\/?page_id=35"},"modified":"2023-07-14T10:13:08","modified_gmt":"2023-07-14T10:13:08","slug":"noticias","status":"publish","type":"page","link":"https:\/\/movilexrecycling.com\/pt\/noticias\/","title":{"rendered":"Not\u00edcias"},"content":{"rendered":"\t\t<div data-elementor-type=\"wp-page\" data-elementor-id=\"35\" class=\"elementor elementor-35\">\n\t\t\t\t\t\t\t\t\t<section class=\"elementor-section elementor-top-section elementor-element elementor-element-6ad24d75 elementor-section-boxed elementor-section-height-default elementor-section-height-default wpr-particle-no wpr-jarallax-no wpr-parallax-no wpr-sticky-section-no\" data-id=\"6ad24d75\" data-element_type=\"section\">\n\t\t\t\t\t\t<div class=\"elementor-container elementor-column-gap-default\">\n\t\t\t\t\t<div class=\"elementor-column elementor-col-100 elementor-top-column elementor-element elementor-element-508f4040\" data-id=\"508f4040\" data-element_type=\"column\">\n\t\t\t<div class=\"elementor-widget-wrap elementor-element-populated\">\n\t\t\t\t\t\t\t\t<div class=\"elementor-element elementor-element-5a2e595b elementor-widget elementor-widget-spacer\" data-id=\"5a2e595b\" data-element_type=\"widget\" data-widget_type=\"spacer.default\">\n\t\t\t\t<div class=\"elementor-widget-container\">\n\t\t\t<style>\/*! elementor - v3.14.0 - 26-06-2023 *\/\n.elementor-column .elementor-spacer-inner{height:var(--spacer-size)}.e-con{--container-widget-width:100%}.e-con-inner>.elementor-widget-spacer,.e-con>.elementor-widget-spacer{width:var(--container-widget-width,var(--spacer-size));--align-self:var(--container-widget-align-self,initial);--flex-shrink:0}.e-con-inner>.elementor-widget-spacer>.elementor-widget-container,.e-con-inner>.elementor-widget-spacer>.elementor-widget-container>.elementor-spacer,.e-con>.elementor-widget-spacer>.elementor-widget-container,.e-con>.elementor-widget-spacer>.elementor-widget-container>.elementor-spacer{height:100%}.e-con-inner>.elementor-widget-spacer>.elementor-widget-container>.elementor-spacer>.elementor-spacer-inner,.e-con>.elementor-widget-spacer>.elementor-widget-container>.elementor-spacer>.elementor-spacer-inner{height:var(--container-widget-height,var(--spacer-size))}<\/style>\t\t<div class=\"elementor-spacer\">\n\t\t\t<div class=\"elementor-spacer-inner\"><\/div>\n\t\t<\/div>\n\t\t\t\t<\/div>\n\t\t\t\t<\/div>\n\t\t\t\t\t<\/div>\n\t\t<\/div>\n\t\t\t\t\t\t\t<\/div>\n\t\t<\/section>\n\t\t\t\t<section class=\"elementor-section elementor-top-section elementor-element elementor-element-236e995d elementor-section-boxed elementor-section-height-default elementor-section-height-default wpr-particle-no wpr-jarallax-no wpr-parallax-no wpr-sticky-section-no\" data-id=\"236e995d\" data-element_type=\"section\">\n\t\t\t\t\t\t<div class=\"elementor-container elementor-column-gap-default\">\n\t\t\t\t\t<div class=\"elementor-column elementor-col-100 elementor-top-column elementor-element elementor-element-789611a8\" data-id=\"789611a8\" data-element_type=\"column\">\n\t\t\t<div class=\"elementor-widget-wrap elementor-element-populated\">\n\t\t\t\t\t\t\t\t<div class=\"elementor-element elementor-element-2e8f6ee2 elementor-invisible elementor-widget elementor-widget-heading\" data-id=\"2e8f6ee2\" data-element_type=\"widget\" data-settings=\"{&quot;_animation&quot;:&quot;fadeInDown&quot;}\" data-widget_type=\"heading.default\">\n\t\t\t\t<div class=\"elementor-widget-container\">\n\t\t\t<style>\/*! elementor - v3.14.0 - 26-06-2023 *\/\n.elementor-heading-title{padding:0;margin:0;line-height:1}.elementor-widget-heading .elementor-heading-title[class*=elementor-size-]>a{color:inherit;font-size:inherit;line-height:inherit}.elementor-widget-heading .elementor-heading-title.elementor-size-small{font-size:15px}.elementor-widget-heading .elementor-heading-title.elementor-size-medium{font-size:19px}.elementor-widget-heading .elementor-heading-title.elementor-size-large{font-size:29px}.elementor-widget-heading .elementor-heading-title.elementor-size-xl{font-size:39px}.elementor-widget-heading .elementor-heading-title.elementor-size-xxl{font-size:59px}<\/style><h1 class=\"elementor-heading-title elementor-size-default\">Novidades sobre MOVILEX<\/h1>\t\t<\/div>\n\t\t\t\t<\/div>\n\t\t\t\t<div class=\"elementor-element elementor-element-7d01bfe elementor-widget elementor-widget-text-editor\" data-id=\"7d01bfe\" data-element_type=\"widget\" data-widget_type=\"text-editor.default\">\n\t\t\t\t<div class=\"elementor-widget-container\">\n\t\t\t<style>\/*! elementor - v3.14.0 - 26-06-2023 *\/\n.elementor-widget-text-editor.elementor-drop-cap-view-stacked .elementor-drop-cap{background-color:#69727d;color:#fff}.elementor-widget-text-editor.elementor-drop-cap-view-framed .elementor-drop-cap{color:#69727d;border:3px solid;background-color:transparent}.elementor-widget-text-editor:not(.elementor-drop-cap-view-default) .elementor-drop-cap{margin-top:8px}.elementor-widget-text-editor:not(.elementor-drop-cap-view-default) .elementor-drop-cap-letter{width:1em;height:1em}.elementor-widget-text-editor .elementor-drop-cap{float:left;text-align:center;line-height:1;font-size:50px}.elementor-widget-text-editor .elementor-drop-cap-letter{display:inline-block}<\/style>\t\t\t\t<p>Estamos presentes nos meios digitais devido \u00e0 nossa<strong> grande e eficiente atividade<\/strong>, respeitosa do Meio Ambiente. Somos entusiastas em <strong>incutir valores<\/strong> na sociedade sobre a import\u00e2ncia de ser sustent\u00e1vel.<\/p>\t\t\t\t\t\t<\/div>\n\t\t\t\t<\/div>\n\t\t\t\t<div class=\"elementor-element elementor-element-9a182f2 elementor-widget elementor-widget-eael-post-timeline\" data-id=\"9a182f2\" data-element_type=\"widget\" data-widget_type=\"eael-post-timeline.default\">\n\t\t\t\t<div class=\"elementor-widget-container\">\n\t\t\t<div id=\"eael-post-timeline-9a182f2\" class=\"eael-post-timeline timeline-layout-default eael-post-timeline-arrow-\">\n            <div class=\"eael-post-timeline eael-post-appender eael-post-appender-9a182f2\"><article class=\"eael-timeline-post eael-timeline-column\">\n    <div class=\"eael-timeline-bullet\"><\/div>\n    <div class=\"eael-timeline-post-inner\">\n        <a class=\"eael-timeline-post-link\" href=\"https:\/\/movilexrecycling.com\/pt\/que-hacer-con-los-residuos-de-aparatos-electricos-y-electronicos-2\/\" title=\"Como \u00e9 feita a reciclagem de metais preciosos?\">\n            <time datetime=\"julio 20, 2023\">julio 20, 2023<\/time>\n            <div class=\"eael-timeline-post-image attachment-large size-large\" style=\"background-image: url(https:\/\/movilexrecycling.com\/pt\/wp-content\/uploads\/2023\/07\/3.jpeg);\"><\/div><div class=\"eael-timeline-post-title\">\n                    <h1 class=\"eael-timeline-post-title-text\">Como \u00e9 feita a reciclagem de metais preciosos?<\/h1>\n                <\/div><\/a>\n    <\/div>\n<\/article><article class=\"eael-timeline-post eael-timeline-column\">\n    <div class=\"eael-timeline-bullet\"><\/div>\n    <div class=\"eael-timeline-post-inner\">\n        <a class=\"eael-timeline-post-link\" href=\"https:\/\/movilexrecycling.com\/pt\/la-responsabilidad-compartida-en-la-gestion-de-residuos\/\" title=\"Responsabilidade compartilhada na gest\u00e3o de res\u00edduos\">\n            <time datetime=\"julio 4, 2023\">julio 4, 2023<\/time>\n            <div class=\"eael-timeline-post-image attachment-large size-large\" style=\"background-image: url(https:\/\/movilexrecycling.com\/pt\/wp-content\/uploads\/2023\/07\/pexels-jonathan-cooper-12005126-1024x768.jpg);\"><\/div><div class=\"eael-timeline-post-title\">\n                    <h1 class=\"eael-timeline-post-title-text\">Responsabilidade compartilhada na gest\u00e3o de res\u00edduos<\/h1>\n                <\/div><\/a>\n    <\/div>\n<\/article><article class=\"eael-timeline-post eael-timeline-column\">\n    <div class=\"eael-timeline-bullet\"><\/div>\n    <div class=\"eael-timeline-post-inner\">\n        <a class=\"eael-timeline-post-link\" href=\"https:\/\/movilexrecycling.com\/pt\/que-hacer-con-los-residuos-de-aparatos-electricos-y-electronicos\/\" title=\"O que fazer com os res\u00edduos de equipamentos el\u00e9tricos e eletr\u00f4nicos?\">\n            <time datetime=\"junio 20, 2023\">junio 20, 2023<\/time>\n            <div class=\"eael-timeline-post-image attachment-large size-large\" style=\"background-image: url(https:\/\/movilexrecycling.com\/pt\/wp-content\/uploads\/2023\/05\/FB1A1145-1024x683.jpg);\"><\/div><div class=\"eael-timeline-post-title\">\n                    <h1 class=\"eael-timeline-post-title-text\">O que fazer com os res\u00edduos de equipamentos el\u00e9tricos e eletr\u00f4nicos?<\/h1>\n                <\/div><\/a>\n    <\/div>\n<\/article><article class=\"eael-timeline-post eael-timeline-column\">\n    <div class=\"eael-timeline-bullet\"><\/div>\n    <div class=\"eael-timeline-post-inner\">\n        <a class=\"eael-timeline-post-link\" href=\"https:\/\/movilexrecycling.com\/pt\/economia-circular-futuro-sostenible\/\" title=\"Economia circular: O futuro sustent\u00e1vel para o planeta\">\n            <time datetime=\"junio 7, 2023\">junio 7, 2023<\/time>\n            <div class=\"eael-timeline-post-image attachment-large size-large\" style=\"background-image: url(https:\/\/movilexrecycling.com\/pt\/wp-content\/uploads\/2023\/05\/1-1024x686.png);\"><\/div><div class=\"eael-timeline-post-title\">\n                    <h1 class=\"eael-timeline-post-title-text\">Economia circular: O futuro sustent\u00e1vel para o planeta<\/h1>\n                <\/div><\/a>\n    <\/div>\n<\/article><article class=\"eael-timeline-post eael-timeline-column\">\n    <div class=\"eael-timeline-bullet\"><\/div>\n    <div class=\"eael-timeline-post-inner\">\n        <a class=\"eael-timeline-post-link\" href=\"https:\/\/movilexrecycling.com\/pt\/una-delegacion-de-la-comision-europea-sobre-economia-circular-visita-movilex-recycling-group-como-ejemplo-buenas-practicas-en-el-sector\/\" title=\"Uma delega\u00e7\u00e3o da Comiss\u00e3o Europeia para a Economia Circular visita o Movilex Recycling Group como exemplo de boas pr\u00e1ticas no setor.\">\n            <time datetime=\"julio 2, 2018\">julio 2, 2018<\/time>\n            <div class=\"eael-timeline-post-image attachment-large size-large\" style=\"background-image: url(https:\/\/movilexrecycling.com\/pt\/wp-content\/uploads\/2023\/05\/NP_MOVILEX_Visita_Comision-Europea-Economia-Circular_01-1110x550-1-1-1024x507.jpg);\"><\/div><div class=\"eael-timeline-post-title\">\n                    <h1 class=\"eael-timeline-post-title-text\">Uma delega\u00e7\u00e3o da Comiss\u00e3o Europeia para a Economia Circular visita o Movilex Recycling Group como exemplo de boas pr\u00e1ticas no setor.<\/h1>\n                <\/div><\/a>\n    <\/div>\n<\/article><article class=\"eael-timeline-post eael-timeline-column\">\n    <div class=\"eael-timeline-bullet\"><\/div>\n    <div class=\"eael-timeline-post-inner\">\n        <a class=\"eael-timeline-post-link\" href=\"https:\/\/movilexrecycling.com\/pt\/movilex-invitada-como-ejemplo-real-y-tangible-de-economia-circular-en-el-master-de-evc-de-la-uex-y-el-sexpe\/\" title=\"Movilex convidada como \u201cexemplo real e tang\u00edvel\u201d de Economia Circular no EVC Master da UEX e SEXPE.\">\n            <time datetime=\"julio 2, 2018\">julio 2, 2018<\/time>\n            <div class=\"eael-timeline-post-image attachment-large size-large\" style=\"background-image: url(https:\/\/movilexrecycling.com\/pt\/wp-content\/uploads\/2023\/05\/MOVILEX_FER_BIR-2018-1110x550-01-1024x507.png);\"><\/div><div class=\"eael-timeline-post-title\">\n                    <h1 class=\"eael-timeline-post-title-text\">Movilex convidada como \u201cexemplo real e tang\u00edvel\u201d de Economia Circular no EVC Master da UEX e SEXPE.<\/h1>\n                <\/div><\/a>\n    <\/div>\n<\/article><article class=\"eael-timeline-post eael-timeline-column\">\n    <div class=\"eael-timeline-bullet\"><\/div>\n    <div class=\"eael-timeline-post-inner\">\n        <a class=\"eael-timeline-post-link\" href=\"https:\/\/movilexrecycling.com\/pt\/movilex-esta-presente-en-el-isri-2018-celebrado-esta-semana-en-las-vegas\/\" title=\"A Movilex marca presen\u00e7a na ISRI 2018 realizada esta semana em Las Vegas.\">\n            <time datetime=\"junio 2, 2018\">junio 2, 2018<\/time>\n            <div class=\"eael-timeline-post-image attachment-large size-large\" style=\"background-image: url(https:\/\/movilexrecycling.com\/pt\/wp-content\/uploads\/2023\/05\/Movilex_ISRI2018_01-1110x550-1-1024x507.jpg);\"><\/div><div class=\"eael-timeline-post-title\">\n                    <h1 class=\"eael-timeline-post-title-text\">A Movilex marca presen\u00e7a na ISRI 2018 realizada esta semana em Las Vegas.<\/h1>\n                <\/div><\/a>\n    <\/div>\n<\/article><article class=\"eael-timeline-post eael-timeline-column\">\n    <div class=\"eael-timeline-bullet\"><\/div>\n    <div class=\"eael-timeline-post-inner\">\n        <a class=\"eael-timeline-post-link\" href=\"https:\/\/movilexrecycling.com\/pt\/movilex-presente-en-el-bir-2018-celebrado-esta-semana-en-barcelona\/\" title=\"Movilex, presente na BIR 2018 realizada esta semana em Barcelona.\">\n            <time datetime=\"mayo 2, 2018\">mayo 2, 2018<\/time>\n            <div class=\"eael-timeline-post-image attachment-large size-large\" style=\"background-image: url(https:\/\/movilexrecycling.com\/pt\/wp-content\/uploads\/2023\/05\/MOVILEX_FER_BIR-2018-1110x550-1-1024x507.jpg);\"><\/div><div class=\"eael-timeline-post-title\">\n                    <h1 class=\"eael-timeline-post-title-text\">Movilex, presente na BIR 2018 realizada esta semana em Barcelona.<\/h1>\n                <\/div><\/a>\n    <\/div>\n<\/article><\/div>\n\t\t<\/div>\t\t<\/div>\n\t\t\t\t<\/div>\n\t\t\t\t\t<\/div>\n\t\t<\/div>\n\t\t\t\t\t\t\t<\/div>\n\t\t<\/section>\n\t\t\t\t\t\t\t<\/div>\n\t\t","protected":false},"excerpt":{"rendered":"<p>Novidades sobre MOVILEX Estamos presentes nos meios digitais devido \u00e0 nossa grande e eficiente atividade, respeitosa do Meio Ambiente. Somos entusiastas em incutir valores na sociedade sobre a import\u00e2ncia de ser sustent\u00e1vel. julio 4, 2023 La responsabilidad compartida en la gesti\u00f3n de residuos &nbsp; junio 20, 2023 \u00bfQu\u00e9 hacer con los residuos de aparatos el\u00e9ctricos [&hellip;]<\/p>\n","protected":false},"author":1,"featured_media":0,"parent":0,"menu_order":0,"comment_status":"closed","ping_status":"closed","template":"elementor_header_footer","meta":{"_mi_skip_tracking":false,"_monsterinsights_sitenote_active":false,"_monsterinsights_sitenote_note":"","_monsterinsights_sitenote_category":0},"yoast_head":"<!-- This site is optimized with the Yoast SEO plugin v20.11 - https:\/\/yoast.com\/wordpress\/plugins\/seo\/ -->\n<title>Not\u00edcias - Movilex<\/title>\n<meta name=\"description\" content=\"Estamos presentes nos meios digitais por nossa atividade gran y eficiente, respeit\u00e1vel com o meio ambiente. Estamos entusiasmados em inculcar valores \u00e0 sociedade sobre a import\u00e2ncia de ser sustent\u00e1vel.\" \/>\n<meta name=\"robots\" content=\"index, follow, max-snippet:-1, max-image-preview:large, max-video-preview:-1\" \/>\n<link rel=\"canonical\" href=\"https:\/\/movilexrecycling.com\/pt\/noticias\/\" \/>\n<meta property=\"og:locale\" content=\"es_ES\" \/>\n<meta property=\"og:type\" content=\"article\" \/>\n<meta property=\"og:title\" content=\"Not\u00edcias - Movilex\" \/>\n<meta property=\"og:description\" content=\"Estamos presentes nos meios digitais por nossa atividade gran y eficiente, respeit\u00e1vel com o meio ambiente. Estamos entusiasmados em inculcar valores \u00e0 sociedade sobre a import\u00e2ncia de ser sustent\u00e1vel.\" \/>\n<meta property=\"og:url\" content=\"https:\/\/movilexrecycling.com\/pt\/noticias\/\" \/>\n<meta property=\"og:site_name\" content=\"Movilex\" \/>\n<meta property=\"article:modified_time\" content=\"2023-07-14T10:13:08+00:00\" \/>\n<meta name=\"twitter:card\" content=\"summary_large_image\" \/>\n<meta name=\"twitter:label1\" content=\"Tiempo de lectura\" \/>\n\t<meta name=\"twitter:data1\" content=\"1 minuto\" \/>\n<script type=\"application\/ld+json\" class=\"yoast-schema-graph\">{\"@context\":\"https:\/\/schema.org\",\"@graph\":[{\"@type\":\"WebPage\",\"@id\":\"https:\/\/movilexrecycling.com\/pt\/noticias\/\",\"url\":\"https:\/\/movilexrecycling.com\/pt\/noticias\/\",\"name\":\"Not\u00edcias - Movilex\",\"isPartOf\":{\"@id\":\"https:\/\/movilexrecycling.com\/pt\/#website\"},\"datePublished\":\"2023-04-27T10:58:07+00:00\",\"dateModified\":\"2023-07-14T10:13:08+00:00\",\"description\":\"Estamos presentes nos meios digitais por nossa atividade gran y eficiente, respeit\u00e1vel com o meio ambiente. Estamos entusiasmados em inculcar valores \u00e0 sociedade sobre a import\u00e2ncia de ser sustent\u00e1vel.\",\"breadcrumb\":{\"@id\":\"https:\/\/movilexrecycling.com\/pt\/noticias\/#breadcrumb\"},\"inLanguage\":\"es\",\"potentialAction\":[{\"@type\":\"ReadAction\",\"target\":[\"https:\/\/movilexrecycling.com\/pt\/noticias\/\"]}]},{\"@type\":\"BreadcrumbList\",\"@id\":\"https:\/\/movilexrecycling.com\/pt\/noticias\/#breadcrumb\",\"itemListElement\":[{\"@type\":\"ListItem\",\"position\":1,\"name\":\"Portada\",\"item\":\"https:\/\/movilexrecycling.com\/pt\/\"},{\"@type\":\"ListItem\",\"position\":2,\"name\":\"Not\u00edcias\"}]},{\"@type\":\"WebSite\",\"@id\":\"https:\/\/movilexrecycling.com\/pt\/#website\",\"url\":\"https:\/\/movilexrecycling.com\/pt\/\",\"name\":\"Movilex\",\"description\":\"Somos Economia Circular\",\"potentialAction\":[{\"@type\":\"SearchAction\",\"target\":{\"@type\":\"EntryPoint\",\"urlTemplate\":\"https:\/\/movilexrecycling.com\/pt\/?s={search_term_string}\"},\"query-input\":\"required name=search_term_string\"}],\"inLanguage\":\"es\"}]}<\/script>\n<!-- \/ Yoast SEO plugin. -->","yoast_head_json":{"title":"Not\u00edcias - Movilex","description":"Estamos presentes nos meios digitais por nossa atividade gran y eficiente, respeit\u00e1vel com o meio ambiente. Estamos entusiasmados em inculcar valores \u00e0 sociedade sobre a import\u00e2ncia de ser sustent\u00e1vel.","robots":{"index":"index","follow":"follow","max-snippet":"max-snippet:-1","max-image-preview":"max-image-preview:large","max-video-preview":"max-video-preview:-1"},"canonical":"https:\/\/movilexrecycling.com\/pt\/noticias\/","og_locale":"es_ES","og_type":"article","og_title":"Not\u00edcias - Movilex","og_description":"Estamos presentes nos meios digitais por nossa atividade gran y eficiente, respeit\u00e1vel com o meio ambiente. Estamos entusiasmados em inculcar valores \u00e0 sociedade sobre a import\u00e2ncia de ser sustent\u00e1vel.","og_url":"https:\/\/movilexrecycling.com\/pt\/noticias\/","og_site_name":"Movilex","article_modified_time":"2023-07-14T10:13:08+00:00","twitter_card":"summary_large_image","twitter_misc":{"Tiempo de lectura":"1 minuto"},"schema":{"@context":"https:\/\/schema.org","@graph":[{"@type":"WebPage","@id":"https:\/\/movilexrecycling.com\/pt\/noticias\/","url":"https:\/\/movilexrecycling.com\/pt\/noticias\/","name":"Not\u00edcias - Movilex","isPartOf":{"@id":"https:\/\/movilexrecycling.com\/pt\/#website"},"datePublished":"2023-04-27T10:58:07+00:00","dateModified":"2023-07-14T10:13:08+00:00","description":"Estamos presentes nos meios digitais por nossa atividade gran y eficiente, respeit\u00e1vel com o meio ambiente. Estamos entusiasmados em inculcar valores \u00e0 sociedade sobre a import\u00e2ncia de ser sustent\u00e1vel.","breadcrumb":{"@id":"https:\/\/movilexrecycling.com\/pt\/noticias\/#breadcrumb"},"inLanguage":"es","potentialAction":[{"@type":"ReadAction","target":["https:\/\/movilexrecycling.com\/pt\/noticias\/"]}]},{"@type":"BreadcrumbList","@id":"https:\/\/movilexrecycling.com\/pt\/noticias\/#breadcrumb","itemListElement":[{"@type":"ListItem","position":1,"name":"Portada","item":"https:\/\/movilexrecycling.com\/pt\/"},{"@type":"ListItem","position":2,"name":"Not\u00edcias"}]},{"@type":"WebSite","@id":"https:\/\/movilexrecycling.com\/pt\/#website","url":"https:\/\/movilexrecycling.com\/pt\/","name":"Movilex","description":"Somos Economia Circular","potentialAction":[{"@type":"SearchAction","target":{"@type":"EntryPoint","urlTemplate":"https:\/\/movilexrecycling.com\/pt\/?s={search_term_string}"},"query-input":"required name=search_term_string"}],"inLanguage":"es"}]}},"_links":{"self":[{"href":"https:\/\/movilexrecycling.com\/pt\/wp-json\/wp\/v2\/pages\/35"}],"collection":[{"href":"https:\/\/movilexrecycling.com\/pt\/wp-json\/wp\/v2\/pages"}],"about":[{"href":"https:\/\/movilexrecycling.com\/pt\/wp-json\/wp\/v2\/types\/page"}],"author":[{"embeddable":true,"href":"https:\/\/movilexrecycling.com\/pt\/wp-json\/wp\/v2\/users\/1"}],"replies":[{"embeddable":true,"href":"https:\/\/movilexrecycling.com\/pt\/wp-json\/wp\/v2\/comments?post=35"}],"version-history":[{"count":96,"href":"https:\/\/movilexrecycling.com\/pt\/wp-json\/wp\/v2\/pages\/35\/revisions"}],"predecessor-version":[{"id":5261,"href":"https:\/\/movilexrecycling.com\/pt\/wp-json\/wp\/v2\/pages\/35\/revisions\/5261"}],"wp:attachment":[{"href":"https:\/\/movilexrecycling.com\/pt\/wp-json\/wp\/v2\/media?parent=35"}],"curies":[{"name":"wp","href":"https:\/\/api.w.org\/{rel}","templated":true}]}}