{"id":2873,"date":"2023-05-04T08:06:07","date_gmt":"2023-05-04T08:06:07","guid":{"rendered":"https:\/\/desarrollo.movilex.es\/?page_id=2873"},"modified":"2023-07-06T10:06:32","modified_gmt":"2023-07-06T10:06:32","slug":"projetos-panama","status":"publish","type":"page","link":"https:\/\/movilexrecycling.com\/pt\/projetos-panama\/","title":{"rendered":"Projetos Panam\u00e1"},"content":{"rendered":"\t\t<div data-elementor-type=\"wp-page\" data-elementor-id=\"2873\" class=\"elementor elementor-2873\">\n\t\t\t\t\t\t\t\t\t<section class=\"elementor-section elementor-top-section elementor-element elementor-element-4379ed0 elementor-section-boxed elementor-section-height-default elementor-section-height-default wpr-particle-no wpr-jarallax-no wpr-parallax-no wpr-sticky-section-no\" data-id=\"4379ed0\" data-element_type=\"section\" data-settings=\"{&quot;background_background&quot;:&quot;slideshow&quot;,&quot;background_slideshow_gallery&quot;:[],&quot;background_slideshow_loop&quot;:&quot;yes&quot;,&quot;background_slideshow_slide_duration&quot;:5000,&quot;background_slideshow_slide_transition&quot;:&quot;fade&quot;,&quot;background_slideshow_transition_duration&quot;:500}\">\n\t\t\t\t\t\t<div class=\"elementor-container elementor-column-gap-default\">\n\t\t\t\t\t<div class=\"elementor-column elementor-col-100 elementor-top-column elementor-element elementor-element-6500880\" data-id=\"6500880\" data-element_type=\"column\">\n\t\t\t<div class=\"elementor-widget-wrap elementor-element-populated\">\n\t\t\t\t\t\t\t\t<div class=\"elementor-element elementor-element-570191da elementor-widget elementor-widget-spacer\" data-id=\"570191da\" data-element_type=\"widget\" data-widget_type=\"spacer.default\">\n\t\t\t\t<div class=\"elementor-widget-container\">\n\t\t\t<style>\/*! elementor - v3.14.0 - 26-06-2023 *\/\n.elementor-column .elementor-spacer-inner{height:var(--spacer-size)}.e-con{--container-widget-width:100%}.e-con-inner>.elementor-widget-spacer,.e-con>.elementor-widget-spacer{width:var(--container-widget-width,var(--spacer-size));--align-self:var(--container-widget-align-self,initial);--flex-shrink:0}.e-con-inner>.elementor-widget-spacer>.elementor-widget-container,.e-con-inner>.elementor-widget-spacer>.elementor-widget-container>.elementor-spacer,.e-con>.elementor-widget-spacer>.elementor-widget-container,.e-con>.elementor-widget-spacer>.elementor-widget-container>.elementor-spacer{height:100%}.e-con-inner>.elementor-widget-spacer>.elementor-widget-container>.elementor-spacer>.elementor-spacer-inner,.e-con>.elementor-widget-spacer>.elementor-widget-container>.elementor-spacer>.elementor-spacer-inner{height:var(--container-widget-height,var(--spacer-size))}<\/style>\t\t<div class=\"elementor-spacer\">\n\t\t\t<div class=\"elementor-spacer-inner\"><\/div>\n\t\t<\/div>\n\t\t\t\t<\/div>\n\t\t\t\t<\/div>\n\t\t\t\t\t<\/div>\n\t\t<\/div>\n\t\t\t\t\t\t\t<\/div>\n\t\t<\/section>\n\t\t\t\t<section class=\"elementor-section elementor-top-section elementor-element elementor-element-1e477df6 elementor-section-boxed elementor-section-height-default elementor-section-height-default wpr-particle-no wpr-jarallax-no wpr-parallax-no wpr-sticky-section-no\" data-id=\"1e477df6\" data-element_type=\"section\">\n\t\t\t\t\t\t\t<div class=\"elementor-background-overlay\"><\/div>\n\t\t\t\t\t\t\t<div class=\"elementor-container elementor-column-gap-default\">\n\t\t\t\t\t<div class=\"elementor-column elementor-col-100 elementor-top-column elementor-element elementor-element-2a677d01\" data-id=\"2a677d01\" data-element_type=\"column\">\n\t\t\t<div class=\"elementor-widget-wrap elementor-element-populated\">\n\t\t\t\t\t\t\t\t<div class=\"elementor-element elementor-element-59b02f8b elementor-invisible elementor-widget elementor-widget-text-editor\" data-id=\"59b02f8b\" data-element_type=\"widget\" data-settings=\"{&quot;_animation&quot;:&quot;fadeIn&quot;}\" data-widget_type=\"text-editor.default\">\n\t\t\t\t<div class=\"elementor-widget-container\">\n\t\t\t<style>\/*! elementor - v3.14.0 - 26-06-2023 *\/\n.elementor-widget-text-editor.elementor-drop-cap-view-stacked .elementor-drop-cap{background-color:#69727d;color:#fff}.elementor-widget-text-editor.elementor-drop-cap-view-framed .elementor-drop-cap{color:#69727d;border:3px solid;background-color:transparent}.elementor-widget-text-editor:not(.elementor-drop-cap-view-default) .elementor-drop-cap{margin-top:8px}.elementor-widget-text-editor:not(.elementor-drop-cap-view-default) .elementor-drop-cap-letter{width:1em;height:1em}.elementor-widget-text-editor .elementor-drop-cap{float:left;text-align:center;line-height:1;font-size:50px}.elementor-widget-text-editor .elementor-drop-cap-letter{display:inline-block}<\/style>\t\t\t\t<p style=\"color: #327a44;\">Projetos do Panam\u00e1<\/p>\t\t\t\t\t\t<\/div>\n\t\t\t\t<\/div>\n\t\t\t\t<div class=\"elementor-element elementor-element-69878279 elementor-widget elementor-widget-text-editor\" data-id=\"69878279\" data-element_type=\"widget\" data-widget_type=\"text-editor.default\">\n\t\t\t\t<div class=\"elementor-widget-container\">\n\t\t\t\t\t\t\t<p>Desenvolvemos dois projetos diferentes no Panam\u00e1 dedicados a diferentes atividades, como a remo\u00e7\u00e3o de res\u00edduos ferrosos e n\u00e3o ferrosos e RAEE.<\/p>\t\t\t\t\t\t<\/div>\n\t\t\t\t<\/div>\n\t\t\t\t<div class=\"elementor-element elementor-element-40126058 elementor-widget elementor-widget-image\" data-id=\"40126058\" data-element_type=\"widget\" data-widget_type=\"image.default\">\n\t\t\t\t<div class=\"elementor-widget-container\">\n\t\t\t<style>\/*! elementor - v3.14.0 - 26-06-2023 *\/\n.elementor-widget-image{text-align:center}.elementor-widget-image a{display:inline-block}.elementor-widget-image a img[src$=\".svg\"]{width:48px}.elementor-widget-image img{vertical-align:middle;display:inline-block}<\/style>\t\t\t\t\t\t\t\t\t\t\t\t<img decoding=\"async\" width=\"800\" height=\"534\" src=\"https:\/\/movilexrecycling.com\/pt\/wp-content\/uploads\/2023\/05\/Depositphotos_210473276_XL-1024x683.jpg\" class=\"attachment-large size-large wp-image-4236\" alt=\"\" loading=\"lazy\" srcset=\"https:\/\/movilexrecycling.com\/pt\/wp-content\/uploads\/2023\/05\/Depositphotos_210473276_XL-1024x683.jpg 1024w, https:\/\/movilexrecycling.com\/pt\/wp-content\/uploads\/2023\/05\/Depositphotos_210473276_XL-300x200.jpg 300w, https:\/\/movilexrecycling.com\/pt\/wp-content\/uploads\/2023\/05\/Depositphotos_210473276_XL-768x512.jpg 768w, https:\/\/movilexrecycling.com\/pt\/wp-content\/uploads\/2023\/05\/Depositphotos_210473276_XL-1536x1024.jpg 1536w, https:\/\/movilexrecycling.com\/pt\/wp-content\/uploads\/2023\/05\/Depositphotos_210473276_XL-2048x1365.jpg 2048w\" sizes=\"(max-width: 800px) 100vw, 800px\" \/>\t\t\t\t\t\t\t\t\t\t\t\t\t\t\t<\/div>\n\t\t\t\t<\/div>\n\t\t\t\t\t<\/div>\n\t\t<\/div>\n\t\t\t\t\t\t\t<\/div>\n\t\t<\/section>\n\t\t\t\t<section class=\"elementor-section elementor-top-section elementor-element elementor-element-237414d7 elementor-section-boxed elementor-section-height-default elementor-section-height-default wpr-particle-no wpr-jarallax-no wpr-parallax-no wpr-sticky-section-no\" data-id=\"237414d7\" data-element_type=\"section\">\n\t\t\t\t\t\t\t<div class=\"elementor-background-overlay\"><\/div>\n\t\t\t\t\t\t\t<div class=\"elementor-container elementor-column-gap-default\">\n\t\t\t\t\t<div class=\"elementor-column elementor-col-100 elementor-top-column elementor-element elementor-element-3f7e0301\" data-id=\"3f7e0301\" data-element_type=\"column\">\n\t\t\t<div class=\"elementor-widget-wrap elementor-element-populated\">\n\t\t\t\t\t\t\t\t<div class=\"elementor-element elementor-element-3d99d14 elementor-widget elementor-widget-heading\" data-id=\"3d99d14\" data-element_type=\"widget\" data-widget_type=\"heading.default\">\n\t\t\t\t<div class=\"elementor-widget-container\">\n\t\t\t<style>\/*! elementor - v3.14.0 - 26-06-2023 *\/\n.elementor-heading-title{padding:0;margin:0;line-height:1}.elementor-widget-heading .elementor-heading-title[class*=elementor-size-]>a{color:inherit;font-size:inherit;line-height:inherit}.elementor-widget-heading .elementor-heading-title.elementor-size-small{font-size:15px}.elementor-widget-heading .elementor-heading-title.elementor-size-medium{font-size:19px}.elementor-widget-heading .elementor-heading-title.elementor-size-large{font-size:29px}.elementor-widget-heading .elementor-heading-title.elementor-size-xl{font-size:39px}.elementor-widget-heading .elementor-heading-title.elementor-size-xxl{font-size:59px}<\/style><h1 class=\"elementor-heading-title elementor-size-default\">Canal do Panam\u00e1<\/h1>\t\t<\/div>\n\t\t\t\t<\/div>\n\t\t\t\t\t<\/div>\n\t\t<\/div>\n\t\t\t\t\t\t\t<\/div>\n\t\t<\/section>\n\t\t\t\t<section class=\"elementor-section elementor-top-section elementor-element elementor-element-15e2fe5b elementor-section-boxed elementor-section-height-default elementor-section-height-default wpr-particle-no wpr-jarallax-no wpr-parallax-no wpr-sticky-section-no\" data-id=\"15e2fe5b\" data-element_type=\"section\">\n\t\t\t\t\t\t\t<div class=\"elementor-background-overlay\"><\/div>\n\t\t\t\t\t\t\t<div class=\"elementor-container elementor-column-gap-default\">\n\t\t\t\t\t<div class=\"elementor-column elementor-col-50 elementor-top-column elementor-element elementor-element-6164e699\" data-id=\"6164e699\" data-element_type=\"column\">\n\t\t\t<div class=\"elementor-widget-wrap elementor-element-populated\">\n\t\t\t\t\t\t\t\t<div class=\"elementor-element elementor-element-78360aef elementor-invisible elementor-widget elementor-widget-image\" data-id=\"78360aef\" data-element_type=\"widget\" data-settings=\"{&quot;_animation&quot;:&quot;fadeInLeft&quot;}\" data-widget_type=\"image.default\">\n\t\t\t\t<div class=\"elementor-widget-container\">\n\t\t\t\t\t\t\t\t\t\t\t\t\t\t\t<img decoding=\"async\" width=\"2306\" height=\"2560\" src=\"https:\/\/movilexrecycling.com\/pt\/wp-content\/uploads\/2023\/05\/movilex-2-scaled.jpg\" class=\"attachment-full size-full wp-image-4386\" alt=\"\" loading=\"lazy\" srcset=\"https:\/\/movilexrecycling.com\/pt\/wp-content\/uploads\/2023\/05\/movilex-2-scaled.jpg 2306w, https:\/\/movilexrecycling.com\/pt\/wp-content\/uploads\/2023\/05\/movilex-2-270x300.jpg 270w, https:\/\/movilexrecycling.com\/pt\/wp-content\/uploads\/2023\/05\/movilex-2-923x1024.jpg 923w, https:\/\/movilexrecycling.com\/pt\/wp-content\/uploads\/2023\/05\/movilex-2-768x852.jpg 768w, https:\/\/movilexrecycling.com\/pt\/wp-content\/uploads\/2023\/05\/movilex-2-1384x1536.jpg 1384w, https:\/\/movilexrecycling.com\/pt\/wp-content\/uploads\/2023\/05\/movilex-2-1845x2048.jpg 1845w\" sizes=\"(max-width: 2306px) 100vw, 2306px\" \/>\t\t\t\t\t\t\t\t\t\t\t\t\t\t\t<\/div>\n\t\t\t\t<\/div>\n\t\t\t\t\t<\/div>\n\t\t<\/div>\n\t\t\t\t<div class=\"elementor-column elementor-col-50 elementor-top-column elementor-element elementor-element-4444af9d\" data-id=\"4444af9d\" data-element_type=\"column\">\n\t\t\t<div class=\"elementor-widget-wrap elementor-element-populated\">\n\t\t\t\t\t\t\t\t<div class=\"elementor-element elementor-element-3f3e29ed elementor-widget elementor-widget-text-editor\" data-id=\"3f3e29ed\" data-element_type=\"widget\" data-widget_type=\"text-editor.default\">\n\t\t\t\t<div class=\"elementor-widget-container\">\n\t\t\t\t\t\t\t<p>Na amplia\u00e7\u00e3o das eclusas do Canal do Panam\u00e1 foram obtidos materiais ferrosos, madeira, pl\u00e1sticos e pneus em fim de vida; estes \u00faltimos foram entregues a uma gest\u00f5es especializadas para a sua gest\u00e3o.<\/p><p><strong>Principais fun\u00e7\u00f5es e tarefas do Movilex:<\/strong><\/p><p>Tratamos da remo\u00e7\u00e3o, armazenamento e descontamina\u00e7\u00e3o de todo o material descartado desta extens\u00e3o, tanto do Atl\u00e2ntico como do Pac\u00edfico. Para o processo produtivo, alugamos alguns navios localizados em Col\u00f3n e Panam\u00e1, transportando at\u00e9 eles os materiais carregados diretamente no Canal. Este foi o in\u00edcio de nossa atual atividade no Panam\u00e1.<\/p>\t\t\t\t\t\t<\/div>\n\t\t\t\t<\/div>\n\t\t\t\t<div class=\"elementor-element elementor-element-a636391 elementor-widget elementor-widget-button\" data-id=\"a636391\" data-element_type=\"widget\" data-widget_type=\"button.default\">\n\t\t\t\t<div class=\"elementor-widget-container\">\n\t\t\t\t\t<div class=\"elementor-button-wrapper\">\n\t\t\t<a class=\"elementor-button elementor-button-link elementor-size-md\" href=\"https:\/\/movilexrecycling.com\/pt\/contato\/\">\n\t\t\t\t\t\t<span class=\"elementor-button-content-wrapper\">\n\t\t\t\t\t\t<span class=\"elementor-button-text\">Mais informa\u00e7\u00e3o<\/span>\n\t\t<\/span>\n\t\t\t\t\t<\/a>\n\t\t<\/div>\n\t\t\t\t<\/div>\n\t\t\t\t<\/div>\n\t\t\t\t\t<\/div>\n\t\t<\/div>\n\t\t\t\t\t\t\t<\/div>\n\t\t<\/section>\n\t\t\t\t<section class=\"elementor-section elementor-top-section elementor-element elementor-element-21d23471 elementor-section-boxed elementor-section-height-default elementor-section-height-default wpr-particle-no wpr-jarallax-no wpr-parallax-no wpr-sticky-section-no\" data-id=\"21d23471\" data-element_type=\"section\">\n\t\t\t\t\t\t\t<div class=\"elementor-background-overlay\"><\/div>\n\t\t\t\t\t\t\t<div class=\"elementor-container elementor-column-gap-default\">\n\t\t\t\t\t<div class=\"elementor-column elementor-col-100 elementor-top-column elementor-element elementor-element-36eee26d\" data-id=\"36eee26d\" data-element_type=\"column\">\n\t\t\t<div class=\"elementor-widget-wrap elementor-element-populated\">\n\t\t\t\t\t\t\t\t<div class=\"elementor-element elementor-element-1ba156ec elementor-widget elementor-widget-heading\" data-id=\"1ba156ec\" data-element_type=\"widget\" data-widget_type=\"heading.default\">\n\t\t\t\t<div class=\"elementor-widget-container\">\n\t\t\t<h1 class=\"elementor-heading-title elementor-size-default\">F\u00e1brica Ciudad do Panam\u00e1<\/h1>\t\t<\/div>\n\t\t\t\t<\/div>\n\t\t\t\t\t<\/div>\n\t\t<\/div>\n\t\t\t\t\t\t\t<\/div>\n\t\t<\/section>\n\t\t\t\t<section class=\"elementor-section elementor-top-section elementor-element elementor-element-69f75341 elementor-section-boxed elementor-section-height-default elementor-section-height-default wpr-particle-no wpr-jarallax-no wpr-parallax-no wpr-sticky-section-no\" data-id=\"69f75341\" data-element_type=\"section\">\n\t\t\t\t\t\t\t<div class=\"elementor-background-overlay\"><\/div>\n\t\t\t\t\t\t\t<div class=\"elementor-container elementor-column-gap-default\">\n\t\t\t\t\t<div class=\"elementor-column elementor-col-50 elementor-top-column elementor-element elementor-element-50d6eb75\" data-id=\"50d6eb75\" data-element_type=\"column\">\n\t\t\t<div class=\"elementor-widget-wrap elementor-element-populated\">\n\t\t\t\t\t\t\t\t<div class=\"elementor-element elementor-element-54a3079b elementor-widget elementor-widget-text-editor\" data-id=\"54a3079b\" data-element_type=\"widget\" data-widget_type=\"text-editor.default\">\n\t\t\t\t<div class=\"elementor-widget-container\">\n\t\t\t\t\t\t\t<p>Estabelecimento na Cidade do Panam\u00e1 dedicado \u00e0 gest\u00e3o de res\u00edduos de metais ferrosos e n\u00e3o ferrosos, sucateamento de navios e ve\u00edculos e tratamento de res\u00edduos de equipamentos el\u00e9tricos e eletr\u00f4nicos (REEE)<\/p><p><strong>Principais fun\u00e7\u00f5es e tarefas do Movilex:<\/strong><\/p><p>Contamos com uma equipa de 6 contratados e 8 subcontratados que efetuam a prospe\u00e7\u00e3o, recolha, recolha, tratamento e comercializa\u00e7\u00e3o de res\u00edduos de metais ferrosos e n\u00e3o ferrosos, REEE e ve\u00edculos em fim de vida. A empresa ganha a retirada de ve\u00edculos da via p\u00fablica do munic\u00edpio da Cidade do Panam\u00e1. O material \u00e9 transformado nas instala\u00e7\u00f5es autorizadas pela Administra\u00e7\u00e3o na Cidade do Panam\u00e1 e exportado internacionalmente atrav\u00e9s do Porto do Panam\u00e1. O material transformado \u00e9 enviado para diferentes partes do mundo; principalmente \u00c1sia, Vietn\u00e3 e \u00cdndia.<\/p>\t\t\t\t\t\t<\/div>\n\t\t\t\t<\/div>\n\t\t\t\t<div class=\"elementor-element elementor-element-69b4a75 elementor-widget elementor-widget-button\" data-id=\"69b4a75\" data-element_type=\"widget\" data-widget_type=\"button.default\">\n\t\t\t\t<div class=\"elementor-widget-container\">\n\t\t\t\t\t<div class=\"elementor-button-wrapper\">\n\t\t\t<a class=\"elementor-button elementor-button-link elementor-size-md\" href=\"https:\/\/movilexrecycling.com\/pt\/contato\/\">\n\t\t\t\t\t\t<span class=\"elementor-button-content-wrapper\">\n\t\t\t\t\t\t<span class=\"elementor-button-text\">Mais informa\u00e7\u00e3o<\/span>\n\t\t<\/span>\n\t\t\t\t\t<\/a>\n\t\t<\/div>\n\t\t\t\t<\/div>\n\t\t\t\t<\/div>\n\t\t\t\t\t<\/div>\n\t\t<\/div>\n\t\t\t\t<div class=\"elementor-column elementor-col-50 elementor-top-column elementor-element elementor-element-1edec31e\" data-id=\"1edec31e\" data-element_type=\"column\">\n\t\t\t<div class=\"elementor-widget-wrap elementor-element-populated\">\n\t\t\t\t\t\t\t\t<div class=\"elementor-element elementor-element-5b5229e3 elementor-invisible elementor-widget elementor-widget-image\" data-id=\"5b5229e3\" data-element_type=\"widget\" data-settings=\"{&quot;_animation&quot;:&quot;fadeInLeft&quot;}\" data-widget_type=\"image.default\">\n\t\t\t\t<div class=\"elementor-widget-container\">\n\t\t\t\t\t\t\t\t\t\t\t\t\t\t\t<img decoding=\"async\" width=\"1536\" height=\"1019\" src=\"https:\/\/movilexrecycling.com\/pt\/wp-content\/uploads\/2023\/05\/movilex-2-1-1536x1019.jpg\" class=\"attachment-1536x1536 size-1536x1536 wp-image-4426\" alt=\"Reciclaje de coches\" loading=\"lazy\" srcset=\"https:\/\/movilexrecycling.com\/pt\/wp-content\/uploads\/2023\/05\/movilex-2-1-1536x1019.jpg 1536w, https:\/\/movilexrecycling.com\/pt\/wp-content\/uploads\/2023\/05\/movilex-2-1-300x199.jpg 300w, https:\/\/movilexrecycling.com\/pt\/wp-content\/uploads\/2023\/05\/movilex-2-1-1024x679.jpg 1024w, https:\/\/movilexrecycling.com\/pt\/wp-content\/uploads\/2023\/05\/movilex-2-1-768x509.jpg 768w, https:\/\/movilexrecycling.com\/pt\/wp-content\/uploads\/2023\/05\/movilex-2-1-2048x1358.jpg 2048w\" sizes=\"(max-width: 1536px) 100vw, 1536px\" \/>\t\t\t\t\t\t\t\t\t\t\t\t\t\t\t<\/div>\n\t\t\t\t<\/div>\n\t\t\t\t\t<\/div>\n\t\t<\/div>\n\t\t\t\t\t\t\t<\/div>\n\t\t<\/section>\n\t\t\t\t<section class=\"elementor-section elementor-top-section elementor-element elementor-element-e97dac4 elementor-section-boxed elementor-section-height-default elementor-section-height-default wpr-particle-no wpr-jarallax-no wpr-parallax-no wpr-sticky-section-no\" data-id=\"e97dac4\" data-element_type=\"section\">\n\t\t\t\t\t\t\t<div class=\"elementor-background-overlay\"><\/div>\n\t\t\t\t\t\t\t<div class=\"elementor-container elementor-column-gap-default\">\n\t\t\t\t\t<div class=\"elementor-column elementor-col-100 elementor-top-column elementor-element elementor-element-c3c7e95\" data-id=\"c3c7e95\" data-element_type=\"column\">\n\t\t\t<div class=\"elementor-widget-wrap elementor-element-populated\">\n\t\t\t\t\t\t\t\t<div class=\"elementor-element elementor-element-46cfd23 elementor-widget elementor-widget-heading\" data-id=\"46cfd23\" data-element_type=\"widget\" data-widget_type=\"heading.default\">\n\t\t\t\t<div class=\"elementor-widget-container\">\n\t\t\t<h2 class=\"elementor-heading-title elementor-size-default\">J\u00e1 realizamos mais projetos em outros pa\u00edses.<\/h2>\t\t<\/div>\n\t\t\t\t<\/div>\n\t\t\t\t<div class=\"elementor-element elementor-element-18882f7 elementor-align-center elementor-widget elementor-widget-button\" data-id=\"18882f7\" data-element_type=\"widget\" data-widget_type=\"button.default\">\n\t\t\t\t<div class=\"elementor-widget-container\">\n\t\t\t\t\t<div class=\"elementor-button-wrapper\">\n\t\t\t<a class=\"elementor-button elementor-button-link elementor-size-md\" href=\"https:\/\/movilexrecycling.com\/pt\/projetos\/\">\n\t\t\t\t\t\t<span class=\"elementor-button-content-wrapper\">\n\t\t\t\t\t\t<span class=\"elementor-button-text\">Ver projetos<\/span>\n\t\t<\/span>\n\t\t\t\t\t<\/a>\n\t\t<\/div>\n\t\t\t\t<\/div>\n\t\t\t\t<\/div>\n\t\t\t\t\t<\/div>\n\t\t<\/div>\n\t\t\t\t\t\t\t<\/div>\n\t\t<\/section>\n\t\t\t\t\t\t\t<\/div>\n\t\t","protected":false},"excerpt":{"rendered":"<p>Projetos do Panam\u00e1 Desenvolvemos dois projetos diferentes no Panam\u00e1 dedicados a diferentes atividades, como a remo\u00e7\u00e3o de res\u00edduos ferrosos e n\u00e3o ferrosos e RAEE. Canal do Panam\u00e1 Na amplia\u00e7\u00e3o das eclusas do Canal do Panam\u00e1 foram obtidos materiais ferrosos, madeira, pl\u00e1sticos e pneus em fim de vida; estes \u00faltimos foram entregues a uma gest\u00f5es especializadas [&hellip;]<\/p>\n","protected":false},"author":1,"featured_media":0,"parent":0,"menu_order":0,"comment_status":"closed","ping_status":"closed","template":"elementor_header_footer","meta":{"_mi_skip_tracking":false,"_monsterinsights_sitenote_active":false,"_monsterinsights_sitenote_note":"","_monsterinsights_sitenote_category":0},"yoast_head":"<!-- This site is optimized with the Yoast SEO plugin v20.11 - https:\/\/yoast.com\/wordpress\/plugins\/seo\/ -->\n<title>Projetos Panam\u00e1 - Movilex<\/title>\n<meta name=\"robots\" content=\"index, follow, max-snippet:-1, max-image-preview:large, max-video-preview:-1\" \/>\n<link rel=\"canonical\" href=\"https:\/\/movilexrecycling.com\/pt\/projetos-panama\/\" \/>\n<meta property=\"og:locale\" content=\"es_ES\" \/>\n<meta property=\"og:type\" content=\"article\" \/>\n<meta property=\"og:title\" content=\"Projetos Panam\u00e1 - Movilex\" \/>\n<meta property=\"og:description\" content=\"Projetos do Panam\u00e1 Desenvolvemos dois projetos diferentes no Panam\u00e1 dedicados a diferentes atividades, como a remo\u00e7\u00e3o de res\u00edduos ferrosos e n\u00e3o ferrosos e RAEE. Canal do Panam\u00e1 Na amplia\u00e7\u00e3o das eclusas do Canal do Panam\u00e1 foram obtidos materiais ferrosos, madeira, pl\u00e1sticos e pneus em fim de vida; estes \u00faltimos foram entregues a uma gest\u00f5es especializadas [&hellip;]\" \/>\n<meta property=\"og:url\" content=\"https:\/\/movilexrecycling.com\/pt\/projetos-panama\/\" \/>\n<meta property=\"og:site_name\" content=\"Movilex\" \/>\n<meta property=\"article:modified_time\" content=\"2023-07-06T10:06:32+00:00\" \/>\n<meta property=\"og:image\" content=\"https:\/\/movilexrecycling.com\/pt\/wp-content\/uploads\/2023\/05\/Depositphotos_210473276_XL-1024x683.jpg\" \/>\n<meta name=\"twitter:card\" content=\"summary_large_image\" \/>\n<meta name=\"twitter:label1\" content=\"Tiempo de lectura\" \/>\n\t<meta name=\"twitter:data1\" content=\"2 minutos\" \/>\n<script type=\"application\/ld+json\" class=\"yoast-schema-graph\">{\"@context\":\"https:\/\/schema.org\",\"@graph\":[{\"@type\":\"WebPage\",\"@id\":\"https:\/\/movilexrecycling.com\/pt\/projetos-panama\/\",\"url\":\"https:\/\/movilexrecycling.com\/pt\/projetos-panama\/\",\"name\":\"Projetos Panam\u00e1 - Movilex\",\"isPartOf\":{\"@id\":\"https:\/\/movilexrecycling.com\/pt\/#website\"},\"datePublished\":\"2023-05-04T08:06:07+00:00\",\"dateModified\":\"2023-07-06T10:06:32+00:00\",\"breadcrumb\":{\"@id\":\"https:\/\/movilexrecycling.com\/pt\/projetos-panama\/#breadcrumb\"},\"inLanguage\":\"es\",\"potentialAction\":[{\"@type\":\"ReadAction\",\"target\":[\"https:\/\/movilexrecycling.com\/pt\/projetos-panama\/\"]}]},{\"@type\":\"BreadcrumbList\",\"@id\":\"https:\/\/movilexrecycling.com\/pt\/projetos-panama\/#breadcrumb\",\"itemListElement\":[{\"@type\":\"ListItem\",\"position\":1,\"name\":\"Portada\",\"item\":\"https:\/\/movilexrecycling.com\/pt\/\"},{\"@type\":\"ListItem\",\"position\":2,\"name\":\"Projetos Panam\u00e1\"}]},{\"@type\":\"WebSite\",\"@id\":\"https:\/\/movilexrecycling.com\/pt\/#website\",\"url\":\"https:\/\/movilexrecycling.com\/pt\/\",\"name\":\"Movilex\",\"description\":\"Somos Economia Circular\",\"potentialAction\":[{\"@type\":\"SearchAction\",\"target\":{\"@type\":\"EntryPoint\",\"urlTemplate\":\"https:\/\/movilexrecycling.com\/pt\/?s={search_term_string}\"},\"query-input\":\"required name=search_term_string\"}],\"inLanguage\":\"es\"}]}<\/script>\n<!-- \/ Yoast SEO plugin. -->","yoast_head_json":{"title":"Projetos Panam\u00e1 - Movilex","robots":{"index":"index","follow":"follow","max-snippet":"max-snippet:-1","max-image-preview":"max-image-preview:large","max-video-preview":"max-video-preview:-1"},"canonical":"https:\/\/movilexrecycling.com\/pt\/projetos-panama\/","og_locale":"es_ES","og_type":"article","og_title":"Projetos Panam\u00e1 - Movilex","og_description":"Projetos do Panam\u00e1 Desenvolvemos dois projetos diferentes no Panam\u00e1 dedicados a diferentes atividades, como a remo\u00e7\u00e3o de res\u00edduos ferrosos e n\u00e3o ferrosos e RAEE. Canal do Panam\u00e1 Na amplia\u00e7\u00e3o das eclusas do Canal do Panam\u00e1 foram obtidos materiais ferrosos, madeira, pl\u00e1sticos e pneus em fim de vida; estes \u00faltimos foram entregues a uma gest\u00f5es especializadas [&hellip;]","og_url":"https:\/\/movilexrecycling.com\/pt\/projetos-panama\/","og_site_name":"Movilex","article_modified_time":"2023-07-06T10:06:32+00:00","og_image":[{"url":"https:\/\/movilexrecycling.com\/pt\/wp-content\/uploads\/2023\/05\/Depositphotos_210473276_XL-1024x683.jpg"}],"twitter_card":"summary_large_image","twitter_misc":{"Tiempo de lectura":"2 minutos"},"schema":{"@context":"https:\/\/schema.org","@graph":[{"@type":"WebPage","@id":"https:\/\/movilexrecycling.com\/pt\/projetos-panama\/","url":"https:\/\/movilexrecycling.com\/pt\/projetos-panama\/","name":"Projetos Panam\u00e1 - Movilex","isPartOf":{"@id":"https:\/\/movilexrecycling.com\/pt\/#website"},"datePublished":"2023-05-04T08:06:07+00:00","dateModified":"2023-07-06T10:06:32+00:00","breadcrumb":{"@id":"https:\/\/movilexrecycling.com\/pt\/projetos-panama\/#breadcrumb"},"inLanguage":"es","potentialAction":[{"@type":"ReadAction","target":["https:\/\/movilexrecycling.com\/pt\/projetos-panama\/"]}]},{"@type":"BreadcrumbList","@id":"https:\/\/movilexrecycling.com\/pt\/projetos-panama\/#breadcrumb","itemListElement":[{"@type":"ListItem","position":1,"name":"Portada","item":"https:\/\/movilexrecycling.com\/pt\/"},{"@type":"ListItem","position":2,"name":"Projetos Panam\u00e1"}]},{"@type":"WebSite","@id":"https:\/\/movilexrecycling.com\/pt\/#website","url":"https:\/\/movilexrecycling.com\/pt\/","name":"Movilex","description":"Somos Economia Circular","potentialAction":[{"@type":"SearchAction","target":{"@type":"EntryPoint","urlTemplate":"https:\/\/movilexrecycling.com\/pt\/?s={search_term_string}"},"query-input":"required name=search_term_string"}],"inLanguage":"es"}]}},"_links":{"self":[{"href":"https:\/\/movilexrecycling.com\/pt\/wp-json\/wp\/v2\/pages\/2873"}],"collection":[{"href":"https:\/\/movilexrecycling.com\/pt\/wp-json\/wp\/v2\/pages"}],"about":[{"href":"https:\/\/movilexrecycling.com\/pt\/wp-json\/wp\/v2\/types\/page"}],"author":[{"embeddable":true,"href":"https:\/\/movilexrecycling.com\/pt\/wp-json\/wp\/v2\/users\/1"}],"replies":[{"embeddable":true,"href":"https:\/\/movilexrecycling.com\/pt\/wp-json\/wp\/v2\/comments?post=2873"}],"version-history":[{"count":35,"href":"https:\/\/movilexrecycling.com\/pt\/wp-json\/wp\/v2\/pages\/2873\/revisions"}],"predecessor-version":[{"id":5108,"href":"https:\/\/movilexrecycling.com\/pt\/wp-json\/wp\/v2\/pages\/2873\/revisions\/5108"}],"wp:attachment":[{"href":"https:\/\/movilexrecycling.com\/pt\/wp-json\/wp\/v2\/media?parent=2873"}],"curies":[{"name":"wp","href":"https:\/\/api.w.org\/{rel}","templated":true}]}}