{"id":1128,"date":"2023-04-28T12:09:16","date_gmt":"2023-04-28T12:09:16","guid":{"rendered":"https:\/\/desarrollo.movilex.es\/?page_id=1128"},"modified":"2023-07-06T10:18:06","modified_gmt":"2023-07-06T10:18:06","slug":"junte-se-a-equipe","status":"publish","type":"page","link":"https:\/\/movilexrecycling.com\/pt\/junte-se-a-equipe\/","title":{"rendered":"Junte-se \u00e0 equipe"},"content":{"rendered":"\t\t<div data-elementor-type=\"wp-page\" data-elementor-id=\"1128\" class=\"elementor elementor-1128\">\n\t\t\t\t\t\t\t\t\t<section class=\"elementor-section elementor-top-section elementor-element elementor-element-55fc2d elementor-section-boxed elementor-section-height-default elementor-section-height-default wpr-particle-no wpr-jarallax-no wpr-parallax-no wpr-sticky-section-no\" data-id=\"55fc2d\" data-element_type=\"section\">\n\t\t\t\t\t\t<div class=\"elementor-container elementor-column-gap-default\">\n\t\t\t\t\t<div class=\"elementor-column elementor-col-100 elementor-top-column elementor-element elementor-element-8ed213\" data-id=\"8ed213\" data-element_type=\"column\">\n\t\t\t<div class=\"elementor-widget-wrap elementor-element-populated\">\n\t\t\t\t\t\t\t\t<div class=\"elementor-element elementor-element-279847fd elementor-invisible elementor-widget elementor-widget-heading\" data-id=\"279847fd\" data-element_type=\"widget\" data-settings=\"{&quot;_animation&quot;:&quot;fadeInLeft&quot;}\" data-widget_type=\"heading.default\">\n\t\t\t\t<div class=\"elementor-widget-container\">\n\t\t\t<style>\/*! elementor - v3.14.0 - 26-06-2023 *\/\n.elementor-heading-title{padding:0;margin:0;line-height:1}.elementor-widget-heading .elementor-heading-title[class*=elementor-size-]>a{color:inherit;font-size:inherit;line-height:inherit}.elementor-widget-heading .elementor-heading-title.elementor-size-small{font-size:15px}.elementor-widget-heading .elementor-heading-title.elementor-size-medium{font-size:19px}.elementor-widget-heading .elementor-heading-title.elementor-size-large{font-size:29px}.elementor-widget-heading .elementor-heading-title.elementor-size-xl{font-size:39px}.elementor-widget-heading .elementor-heading-title.elementor-size-xxl{font-size:59px}<\/style><h1 class=\"elementor-heading-title elementor-size-default\">Quer juntar-se a nossa equipe?<\/h1>\t\t<\/div>\n\t\t\t\t<\/div>\n\t\t\t\t\t<\/div>\n\t\t<\/div>\n\t\t\t\t\t\t\t<\/div>\n\t\t<\/section>\n\t\t\t\t<section class=\"elementor-section elementor-top-section elementor-element elementor-element-6c3dfd01 elementor-section-boxed elementor-section-height-default elementor-section-height-default wpr-particle-no wpr-jarallax-no wpr-parallax-no wpr-sticky-section-no\" data-id=\"6c3dfd01\" data-element_type=\"section\">\n\t\t\t\t\t\t<div class=\"elementor-container elementor-column-gap-default\">\n\t\t\t\t\t<div class=\"elementor-column elementor-col-100 elementor-top-column elementor-element elementor-element-7821d7d1\" data-id=\"7821d7d1\" data-element_type=\"column\">\n\t\t\t<div class=\"elementor-widget-wrap elementor-element-populated\">\n\t\t\t\t\t\t\t\t<div class=\"elementor-element elementor-element-6f30eefe elementor-widget elementor-widget-text-editor\" data-id=\"6f30eefe\" data-element_type=\"widget\" data-widget_type=\"text-editor.default\">\n\t\t\t\t<div class=\"elementor-widget-container\">\n\t\t\t<style>\/*! elementor - v3.14.0 - 26-06-2023 *\/\n.elementor-widget-text-editor.elementor-drop-cap-view-stacked .elementor-drop-cap{background-color:#69727d;color:#fff}.elementor-widget-text-editor.elementor-drop-cap-view-framed .elementor-drop-cap{color:#69727d;border:3px solid;background-color:transparent}.elementor-widget-text-editor:not(.elementor-drop-cap-view-default) .elementor-drop-cap{margin-top:8px}.elementor-widget-text-editor:not(.elementor-drop-cap-view-default) .elementor-drop-cap-letter{width:1em;height:1em}.elementor-widget-text-editor .elementor-drop-cap{float:left;text-align:center;line-height:1;font-size:50px}.elementor-widget-text-editor .elementor-drop-cap-letter{display:inline-block}<\/style>\t\t\t\t<p>Preencha o seguinte formul\u00e1rio e diga-nos porque gostaria de fazer parte da equipa Movilex.<\/p><p><strong>Estamos te esperando!<\/strong><\/p>\t\t\t\t\t\t<\/div>\n\t\t\t\t<\/div>\n\t\t\t\t\t<\/div>\n\t\t<\/div>\n\t\t\t\t\t\t\t<\/div>\n\t\t<\/section>\n\t\t\t\t<section class=\"elementor-section elementor-top-section elementor-element elementor-element-d717f88 elementor-section-boxed elementor-section-height-default elementor-section-height-default wpr-particle-no wpr-jarallax-no wpr-parallax-no wpr-sticky-section-no\" data-id=\"d717f88\" data-element_type=\"section\">\n\t\t\t\t\t\t<div class=\"elementor-container elementor-column-gap-default\">\n\t\t\t\t\t<div class=\"elementor-column elementor-col-50 elementor-top-column elementor-element elementor-element-48cede5\" data-id=\"48cede5\" data-element_type=\"column\">\n\t\t\t<div class=\"elementor-widget-wrap elementor-element-populated\">\n\t\t\t\t\t\t\t\t<div class=\"elementor-element elementor-element-6cf611d elementor-invisible elementor-widget elementor-widget-image\" data-id=\"6cf611d\" data-element_type=\"widget\" data-settings=\"{&quot;_animation&quot;:&quot;fadeIn&quot;}\" data-widget_type=\"image.default\">\n\t\t\t\t<div class=\"elementor-widget-container\">\n\t\t\t<style>\/*! elementor - v3.14.0 - 26-06-2023 *\/\n.elementor-widget-image{text-align:center}.elementor-widget-image a{display:inline-block}.elementor-widget-image a img[src$=\".svg\"]{width:48px}.elementor-widget-image img{vertical-align:middle;display:inline-block}<\/style>\t\t\t\t\t\t\t\t\t\t\t\t<img decoding=\"async\" width=\"2048\" height=\"1365\" src=\"https:\/\/movilexrecycling.com\/pt\/wp-content\/uploads\/2023\/05\/FB1A1042-2048x1365.jpg\" class=\"attachment-2048x2048 size-2048x2048 wp-image-4209\" alt=\"\" loading=\"lazy\" srcset=\"https:\/\/movilexrecycling.com\/pt\/wp-content\/uploads\/2023\/05\/FB1A1042-2048x1365.jpg 2048w, https:\/\/movilexrecycling.com\/pt\/wp-content\/uploads\/2023\/05\/FB1A1042-300x200.jpg 300w, https:\/\/movilexrecycling.com\/pt\/wp-content\/uploads\/2023\/05\/FB1A1042-1024x683.jpg 1024w, https:\/\/movilexrecycling.com\/pt\/wp-content\/uploads\/2023\/05\/FB1A1042-768x512.jpg 768w, https:\/\/movilexrecycling.com\/pt\/wp-content\/uploads\/2023\/05\/FB1A1042-1536x1024.jpg 1536w\" sizes=\"(max-width: 2048px) 100vw, 2048px\" \/>\t\t\t\t\t\t\t\t\t\t\t\t\t\t\t<\/div>\n\t\t\t\t<\/div>\n\t\t\t\t\t<\/div>\n\t\t<\/div>\n\t\t\t\t<div class=\"elementor-column elementor-col-50 elementor-top-column elementor-element elementor-element-16e73b2\" data-id=\"16e73b2\" data-element_type=\"column\">\n\t\t\t<div class=\"elementor-widget-wrap elementor-element-populated\">\n\t\t\t\t\t\t\t\t<div class=\"elementor-element elementor-element-d64ab22 eael-contact-form-7-button-align-left eael-contact-form-7-button-custom elementor-invisible elementor-widget elementor-widget-eael-contact-form-7\" data-id=\"d64ab22\" data-element_type=\"widget\" data-settings=\"{&quot;_animation&quot;:&quot;fadeIn&quot;}\" data-widget_type=\"eael-contact-form-7.default\">\n\t\t\t\t<div class=\"elementor-widget-container\">\n\t\t\t<div class=\"eael-contact-form-7-wrapper\">\n                <div class=\"eael-contact-form eael-contact-form-7 eael-contact-form-d64ab22 placeholder-show eael-contact-form-align-default\">\n<div class=\"wpcf7 no-js\" id=\"wpcf7-f1739-o1\" lang=\"es-ES\" dir=\"ltr\">\n<div class=\"screen-reader-response\"><p role=\"status\" aria-live=\"polite\" aria-atomic=\"true\"><\/p> <ul><\/ul><\/div>\n<form action=\"\/pt\/wp-json\/wp\/v2\/pages\/1128#wpcf7-f1739-o1\" method=\"post\" class=\"wpcf7-form init\" aria-label=\"Formulario de contacto\" enctype=\"multipart\/form-data\" novalidate=\"novalidate\" data-status=\"init\">\n<div style=\"display: none;\">\n<input type=\"hidden\" name=\"_wpcf7\" value=\"1739\" \/>\n<input type=\"hidden\" name=\"_wpcf7_version\" value=\"5.7.7\" \/>\n<input type=\"hidden\" name=\"_wpcf7_locale\" value=\"es_ES\" \/>\n<input type=\"hidden\" name=\"_wpcf7_unit_tag\" value=\"wpcf7-f1739-o1\" \/>\n<input type=\"hidden\" name=\"_wpcf7_container_post\" value=\"0\" \/>\n<input type=\"hidden\" name=\"_wpcf7_posted_data_hash\" value=\"\" \/>\n<input type=\"hidden\" name=\"_wpcf7_recaptcha_response\" value=\"\" \/>\n<\/div>\n<p><label> Teu nome<br \/>\n<span class=\"wpcf7-form-control-wrap\" data-name=\"your-name\"><input size=\"40\" class=\"wpcf7-form-control wpcf7-text wpcf7-validates-as-required\" aria-required=\"true\" aria-invalid=\"false\" value=\"\" type=\"text\" name=\"your-name\" \/><\/span> <\/label>\n<\/p>\n<p><label> Teu e-mail<br \/>\n<span class=\"wpcf7-form-control-wrap\" data-name=\"your-email\"><input size=\"40\" class=\"wpcf7-form-control wpcf7-text wpcf7-email wpcf7-validates-as-required wpcf7-validates-as-email\" aria-required=\"true\" aria-invalid=\"false\" value=\"\" type=\"email\" name=\"your-email\" \/><\/span> <\/label>\n<\/p>\n<p><label> Teu telefone<br \/>\n<span class=\"wpcf7-form-control-wrap\" data-name=\"your-telefono\"><input size=\"40\" class=\"wpcf7-form-control wpcf7-text wpcf7-tel wpcf7-validates-as-required wpcf7-validates-as-tel\" aria-required=\"true\" aria-invalid=\"false\" value=\"\" type=\"tel\" name=\"your-telefono\" \/><\/span> <\/label>\n<\/p>\n<p><label> Posto solicitado<br \/>\n<span class=\"wpcf7-form-control-wrap\" data-name=\"your-position\"><input size=\"40\" class=\"wpcf7-form-control wpcf7-text wpcf7-validates-as-required\" aria-required=\"true\" aria-invalid=\"false\" value=\"\" type=\"text\" name=\"your-position\" \/><\/span> <\/label>\n<\/p>\n<p><label> Envie seu CV<br \/>\n<span class=\"wpcf7-form-control-wrap\" data-name=\"Archivo\"><input size=\"40\" class=\"wpcf7-form-control wpcf7-file\" accept=\".pdf\" aria-invalid=\"false\" type=\"file\" name=\"Archivo\" \/><\/span><\/label>\n<\/p>\n<p><label> Sua mensagem<br \/>\n<span class=\"wpcf7-form-control-wrap\" data-name=\"textarea-451\"><textarea cols=\"40\" rows=\"10\" class=\"wpcf7-form-control wpcf7-textarea\" aria-invalid=\"false\" name=\"textarea-451\"><\/textarea><\/span> <\/label>\n<\/p>\n<p><span class=\"wpcf7-form-control-wrap\" data-name=\"acceptance-107\"><span class=\"wpcf7-form-control wpcf7-acceptance\"><span class=\"wpcf7-list-item\"><label><input type=\"checkbox\" name=\"acceptance-107\" value=\"1\" aria-invalid=\"false\" \/><span class=\"wpcf7-list-item-label\">Li e aceito a cl\u00e1usula em <a href=\"https:\/\/movilexrecycling.com\/pt\/protecao de dados\/\" target=\"_blank\">Prote\u00e7\u00e3o de dados<\/a> y <a href=\"https:\/\/movilexrecycling.com\/pt\/politica-de-privacidade\/\" target=\"_blank\">Pol\u00edticas de privacidade<\/a> para o tratamento dos meus dados a meu pedido.<\/span><\/label><\/span><\/span><\/span>\n<\/p>\n<p><input class=\"wpcf7-form-control has-spinner wpcf7-submit\" type=\"submit\" value=\"Enviar\" \/>\n<\/p><p style=\"display: none !important;\"><label>&#916;<textarea name=\"_wpcf7_ak_hp_textarea\" cols=\"45\" rows=\"8\" maxlength=\"100\"><\/textarea><\/label><input type=\"hidden\" id=\"ak_js_1\" name=\"_wpcf7_ak_js\" value=\"7\"\/><script>document.getElementById( \"ak_js_1\" ).setAttribute( \"value\", ( new Date() ).getTime() );<\/script><\/p><div class=\"wpcf7-response-output\" aria-hidden=\"true\"><\/div>\n<\/form>\n<\/div>\n<\/div>\n            <\/div>\t\t<\/div>\n\t\t\t\t<\/div>\n\t\t\t\t\t<\/div>\n\t\t<\/div>\n\t\t\t\t\t\t\t<\/div>\n\t\t<\/section>\n\t\t\t\t<section class=\"elementor-section elementor-top-section elementor-element elementor-element-07e71a5 elementor-section-boxed elementor-section-height-default elementor-section-height-default wpr-particle-no wpr-jarallax-no wpr-parallax-no wpr-sticky-section-no\" data-id=\"07e71a5\" data-element_type=\"section\">\n\t\t\t\t\t\t\t<div class=\"elementor-background-overlay\"><\/div>\n\t\t\t\t\t\t\t<div class=\"elementor-container elementor-column-gap-default\">\n\t\t\t\t\t<div class=\"elementor-column elementor-col-100 elementor-top-column elementor-element elementor-element-9075f3f\" data-id=\"9075f3f\" data-element_type=\"column\">\n\t\t\t<div class=\"elementor-widget-wrap elementor-element-populated\">\n\t\t\t\t\t\t\t\t<div class=\"elementor-element elementor-element-a3db442 elementor-invisible elementor-widget elementor-widget-text-editor\" data-id=\"a3db442\" data-element_type=\"widget\" data-settings=\"{&quot;_animation&quot;:&quot;fadeInRight&quot;}\" data-widget_type=\"text-editor.default\">\n\t\t\t\t<div class=\"elementor-widget-container\">\n\t\t\t\t\t\t\t<p><strong>Fa\u00e7a parte de uma equipe muito humana, que acredita no crescimento pessoal e profissional, e que trabalha por um mundo mais eficiente.<\/strong><\/p>\t\t\t\t\t\t<\/div>\n\t\t\t\t<\/div>\n\t\t\t\t<div class=\"elementor-element elementor-element-41b4baa elementor-align-center elementor-widget elementor-widget-button\" data-id=\"41b4baa\" data-element_type=\"widget\" data-widget_type=\"button.default\">\n\t\t\t\t<div class=\"elementor-widget-container\">\n\t\t\t\t\t<div class=\"elementor-button-wrapper\">\n\t\t\t<a class=\"elementor-button elementor-button-link elementor-size-md\" href=\"https:\/\/movilexrecycling.com\/pt\/quem-somos\/\">\n\t\t\t\t\t\t<span class=\"elementor-button-content-wrapper\">\n\t\t\t\t\t\t<span class=\"elementor-button-text\">Quem somos<\/span>\n\t\t<\/span>\n\t\t\t\t\t<\/a>\n\t\t<\/div>\n\t\t\t\t<\/div>\n\t\t\t\t<\/div>\n\t\t\t\t\t<\/div>\n\t\t<\/div>\n\t\t\t\t\t\t\t<\/div>\n\t\t<\/section>\n\t\t\t\t\t\t\t<\/div>\n\t\t","protected":false},"excerpt":{"rendered":"<p>Quer juntar-se a nossa equipe? Preencha o seguinte formul\u00e1rio e diga-nos porque gostaria de fazer parte da equipa Movilex. Estamos te esperando! Teu nome Teu e-mail Teu telefone Posto solicitado Envie seu CV Sua mensagem Li e aceito a cl\u00e1usula em Prote\u00e7\u00e3o de dados y Pol\u00edticas de privacidade para o tratamento dos meus dados a [&hellip;]<\/p>\n","protected":false},"author":1,"featured_media":0,"parent":0,"menu_order":0,"comment_status":"closed","ping_status":"closed","template":"elementor_header_footer","meta":{"_mi_skip_tracking":false,"_monsterinsights_sitenote_active":false,"_monsterinsights_sitenote_note":"","_monsterinsights_sitenote_category":0},"yoast_head":"<!-- This site is optimized with the Yoast SEO plugin v20.11 - https:\/\/yoast.com\/wordpress\/plugins\/seo\/ -->\n<title>Junte-se \u00e0 equipe - Movilex<\/title>\n<meta name=\"robots\" content=\"index, follow, max-snippet:-1, max-image-preview:large, max-video-preview:-1\" \/>\n<link rel=\"canonical\" href=\"https:\/\/movilexrecycling.com\/pt\/junte-se-a-equipe\/\" \/>\n<meta property=\"og:locale\" content=\"es_ES\" \/>\n<meta property=\"og:type\" content=\"article\" \/>\n<meta property=\"og:title\" content=\"Junte-se \u00e0 equipe - Movilex\" \/>\n<meta property=\"og:description\" content=\"Quer juntar-se a nossa equipe? Preencha o seguinte formul\u00e1rio e diga-nos porque gostaria de fazer parte da equipa Movilex. Estamos te esperando! Teu nome Teu e-mail Teu telefone Posto solicitado Envie seu CV Sua mensagem Li e aceito a cl\u00e1usula em Prote\u00e7\u00e3o de dados y Pol\u00edticas de privacidade para o tratamento dos meus dados a [&hellip;]\" \/>\n<meta property=\"og:url\" content=\"https:\/\/movilexrecycling.com\/pt\/junte-se-a-equipe\/\" \/>\n<meta property=\"og:site_name\" content=\"Movilex\" \/>\n<meta property=\"article:modified_time\" content=\"2023-07-06T10:18:06+00:00\" \/>\n<meta property=\"og:image\" content=\"https:\/\/movilexrecycling.com\/pt\/wp-content\/uploads\/2023\/05\/FB1A1042-2048x1365.jpg\" \/>\n<meta name=\"twitter:card\" content=\"summary_large_image\" \/>\n<meta name=\"twitter:label1\" content=\"Tiempo de lectura\" \/>\n\t<meta name=\"twitter:data1\" content=\"1 minuto\" \/>\n<script type=\"application\/ld+json\" class=\"yoast-schema-graph\">{\"@context\":\"https:\/\/schema.org\",\"@graph\":[{\"@type\":\"WebPage\",\"@id\":\"https:\/\/movilexrecycling.com\/pt\/junte-se-a-equipe\/\",\"url\":\"https:\/\/movilexrecycling.com\/pt\/junte-se-a-equipe\/\",\"name\":\"Junte-se \u00e0 equipe - Movilex\",\"isPartOf\":{\"@id\":\"https:\/\/movilexrecycling.com\/pt\/#website\"},\"datePublished\":\"2023-04-28T12:09:16+00:00\",\"dateModified\":\"2023-07-06T10:18:06+00:00\",\"breadcrumb\":{\"@id\":\"https:\/\/movilexrecycling.com\/pt\/junte-se-a-equipe\/#breadcrumb\"},\"inLanguage\":\"es\",\"potentialAction\":[{\"@type\":\"ReadAction\",\"target\":[\"https:\/\/movilexrecycling.com\/pt\/junte-se-a-equipe\/\"]}]},{\"@type\":\"BreadcrumbList\",\"@id\":\"https:\/\/movilexrecycling.com\/pt\/junte-se-a-equipe\/#breadcrumb\",\"itemListElement\":[{\"@type\":\"ListItem\",\"position\":1,\"name\":\"Portada\",\"item\":\"https:\/\/movilexrecycling.com\/pt\/\"},{\"@type\":\"ListItem\",\"position\":2,\"name\":\"Junte-se \u00e0 equipe\"}]},{\"@type\":\"WebSite\",\"@id\":\"https:\/\/movilexrecycling.com\/pt\/#website\",\"url\":\"https:\/\/movilexrecycling.com\/pt\/\",\"name\":\"Movilex\",\"description\":\"Somos Economia Circular\",\"potentialAction\":[{\"@type\":\"SearchAction\",\"target\":{\"@type\":\"EntryPoint\",\"urlTemplate\":\"https:\/\/movilexrecycling.com\/pt\/?s={search_term_string}\"},\"query-input\":\"required name=search_term_string\"}],\"inLanguage\":\"es\"}]}<\/script>\n<!-- \/ Yoast SEO plugin. -->","yoast_head_json":{"title":"Junte-se \u00e0 equipe - Movilex","robots":{"index":"index","follow":"follow","max-snippet":"max-snippet:-1","max-image-preview":"max-image-preview:large","max-video-preview":"max-video-preview:-1"},"canonical":"https:\/\/movilexrecycling.com\/pt\/junte-se-a-equipe\/","og_locale":"es_ES","og_type":"article","og_title":"Junte-se \u00e0 equipe - Movilex","og_description":"Quer juntar-se a nossa equipe? Preencha o seguinte formul\u00e1rio e diga-nos porque gostaria de fazer parte da equipa Movilex. Estamos te esperando! Teu nome Teu e-mail Teu telefone Posto solicitado Envie seu CV Sua mensagem Li e aceito a cl\u00e1usula em Prote\u00e7\u00e3o de dados y Pol\u00edticas de privacidade para o tratamento dos meus dados a [&hellip;]","og_url":"https:\/\/movilexrecycling.com\/pt\/junte-se-a-equipe\/","og_site_name":"Movilex","article_modified_time":"2023-07-06T10:18:06+00:00","og_image":[{"url":"https:\/\/movilexrecycling.com\/pt\/wp-content\/uploads\/2023\/05\/FB1A1042-2048x1365.jpg"}],"twitter_card":"summary_large_image","twitter_misc":{"Tiempo de lectura":"1 minuto"},"schema":{"@context":"https:\/\/schema.org","@graph":[{"@type":"WebPage","@id":"https:\/\/movilexrecycling.com\/pt\/junte-se-a-equipe\/","url":"https:\/\/movilexrecycling.com\/pt\/junte-se-a-equipe\/","name":"Junte-se \u00e0 equipe - Movilex","isPartOf":{"@id":"https:\/\/movilexrecycling.com\/pt\/#website"},"datePublished":"2023-04-28T12:09:16+00:00","dateModified":"2023-07-06T10:18:06+00:00","breadcrumb":{"@id":"https:\/\/movilexrecycling.com\/pt\/junte-se-a-equipe\/#breadcrumb"},"inLanguage":"es","potentialAction":[{"@type":"ReadAction","target":["https:\/\/movilexrecycling.com\/pt\/junte-se-a-equipe\/"]}]},{"@type":"BreadcrumbList","@id":"https:\/\/movilexrecycling.com\/pt\/junte-se-a-equipe\/#breadcrumb","itemListElement":[{"@type":"ListItem","position":1,"name":"Portada","item":"https:\/\/movilexrecycling.com\/pt\/"},{"@type":"ListItem","position":2,"name":"Junte-se \u00e0 equipe"}]},{"@type":"WebSite","@id":"https:\/\/movilexrecycling.com\/pt\/#website","url":"https:\/\/movilexrecycling.com\/pt\/","name":"Movilex","description":"Somos Economia Circular","potentialAction":[{"@type":"SearchAction","target":{"@type":"EntryPoint","urlTemplate":"https:\/\/movilexrecycling.com\/pt\/?s={search_term_string}"},"query-input":"required name=search_term_string"}],"inLanguage":"es"}]}},"_links":{"self":[{"href":"https:\/\/movilexrecycling.com\/pt\/wp-json\/wp\/v2\/pages\/1128"}],"collection":[{"href":"https:\/\/movilexrecycling.com\/pt\/wp-json\/wp\/v2\/pages"}],"about":[{"href":"https:\/\/movilexrecycling.com\/pt\/wp-json\/wp\/v2\/types\/page"}],"author":[{"embeddable":true,"href":"https:\/\/movilexrecycling.com\/pt\/wp-json\/wp\/v2\/users\/1"}],"replies":[{"embeddable":true,"href":"https:\/\/movilexrecycling.com\/pt\/wp-json\/wp\/v2\/comments?post=1128"}],"version-history":[{"count":100,"href":"https:\/\/movilexrecycling.com\/pt\/wp-json\/wp\/v2\/pages\/1128\/revisions"}],"predecessor-version":[{"id":5136,"href":"https:\/\/movilexrecycling.com\/pt\/wp-json\/wp\/v2\/pages\/1128\/revisions\/5136"}],"wp:attachment":[{"href":"https:\/\/movilexrecycling.com\/pt\/wp-json\/wp\/v2\/media?parent=1128"}],"curies":[{"name":"wp","href":"https:\/\/api.w.org\/{rel}","templated":true}]}}