{"id":3415,"date":"2023-05-05T09:08:20","date_gmt":"2023-05-05T09:08:20","guid":{"rendered":"https:\/\/desarrollo.movilex.es\/?page_id=3415"},"modified":"2023-07-07T10:58:58","modified_gmt":"2023-07-07T10:58:58","slug":"panama","status":"publish","type":"page","link":"https:\/\/movilexrecycling.com\/en\/panama\/","title":{"rendered":"Panam\u00e1"},"content":{"rendered":"\t\t<div data-elementor-type=\"wp-page\" data-elementor-id=\"3415\" class=\"elementor elementor-3415\">\n\t\t\t\t\t\t\t\t\t<section class=\"elementor-section elementor-top-section elementor-element elementor-element-db6594a elementor-section-boxed elementor-section-height-default elementor-section-height-default wpr-particle-no wpr-jarallax-no wpr-parallax-no wpr-sticky-section-no\" data-id=\"db6594a\" data-element_type=\"section\" data-settings=\"{&quot;background_background&quot;:&quot;slideshow&quot;,&quot;background_slideshow_gallery&quot;:[],&quot;background_slideshow_loop&quot;:&quot;yes&quot;,&quot;background_slideshow_slide_duration&quot;:5000,&quot;background_slideshow_slide_transition&quot;:&quot;fade&quot;,&quot;background_slideshow_transition_duration&quot;:500}\">\n\t\t\t\t\t\t<div class=\"elementor-container elementor-column-gap-default\">\n\t\t\t\t\t<div class=\"elementor-column elementor-col-100 elementor-top-column elementor-element elementor-element-7c78bc4d\" data-id=\"7c78bc4d\" data-element_type=\"column\">\n\t\t\t<div class=\"elementor-widget-wrap elementor-element-populated\">\n\t\t\t\t\t\t\t\t<div class=\"elementor-element elementor-element-124a3da7 elementor-widget elementor-widget-spacer\" data-id=\"124a3da7\" data-element_type=\"widget\" data-widget_type=\"spacer.default\">\n\t\t\t\t<div class=\"elementor-widget-container\">\n\t\t\t<style>\/*! elementor - v3.14.0 - 26-06-2023 *\/\n.elementor-column .elementor-spacer-inner{height:var(--spacer-size)}.e-con{--container-widget-width:100%}.e-con-inner>.elementor-widget-spacer,.e-con>.elementor-widget-spacer{width:var(--container-widget-width,var(--spacer-size));--align-self:var(--container-widget-align-self,initial);--flex-shrink:0}.e-con-inner>.elementor-widget-spacer>.elementor-widget-container,.e-con-inner>.elementor-widget-spacer>.elementor-widget-container>.elementor-spacer,.e-con>.elementor-widget-spacer>.elementor-widget-container,.e-con>.elementor-widget-spacer>.elementor-widget-container>.elementor-spacer{height:100%}.e-con-inner>.elementor-widget-spacer>.elementor-widget-container>.elementor-spacer>.elementor-spacer-inner,.e-con>.elementor-widget-spacer>.elementor-widget-container>.elementor-spacer>.elementor-spacer-inner{height:var(--container-widget-height,var(--spacer-size))}<\/style>\t\t<div class=\"elementor-spacer\">\n\t\t\t<div class=\"elementor-spacer-inner\"><\/div>\n\t\t<\/div>\n\t\t\t\t<\/div>\n\t\t\t\t<\/div>\n\t\t\t\t\t<\/div>\n\t\t<\/div>\n\t\t\t\t\t\t\t<\/div>\n\t\t<\/section>\n\t\t\t\t<section class=\"elementor-section elementor-top-section elementor-element elementor-element-21854edc elementor-section-boxed elementor-section-height-default elementor-section-height-default wpr-particle-no wpr-jarallax-no wpr-parallax-no wpr-sticky-section-no\" data-id=\"21854edc\" data-element_type=\"section\">\n\t\t\t\t\t\t\t<div class=\"elementor-background-overlay\"><\/div>\n\t\t\t\t\t\t\t<div class=\"elementor-container elementor-column-gap-default\">\n\t\t\t\t\t<div class=\"elementor-column elementor-col-100 elementor-top-column elementor-element elementor-element-37a11841\" data-id=\"37a11841\" data-element_type=\"column\">\n\t\t\t<div class=\"elementor-widget-wrap elementor-element-populated\">\n\t\t\t\t\t\t\t\t<div class=\"elementor-element elementor-element-3be147d5 elementor-invisible elementor-widget elementor-widget-text-editor\" data-id=\"3be147d5\" data-element_type=\"widget\" data-settings=\"{&quot;_animation&quot;:&quot;fadeIn&quot;}\" data-widget_type=\"text-editor.default\">\n\t\t\t\t<div class=\"elementor-widget-container\">\n\t\t\t<style>\/*! elementor - v3.14.0 - 26-06-2023 *\/\n.elementor-widget-text-editor.elementor-drop-cap-view-stacked .elementor-drop-cap{background-color:#69727d;color:#fff}.elementor-widget-text-editor.elementor-drop-cap-view-framed .elementor-drop-cap{color:#69727d;border:3px solid;background-color:transparent}.elementor-widget-text-editor:not(.elementor-drop-cap-view-default) .elementor-drop-cap{margin-top:8px}.elementor-widget-text-editor:not(.elementor-drop-cap-view-default) .elementor-drop-cap-letter{width:1em;height:1em}.elementor-widget-text-editor .elementor-drop-cap{float:left;text-align:center;line-height:1;font-size:50px}.elementor-widget-text-editor .elementor-drop-cap-letter{display:inline-block}<\/style>\t\t\t\t<p style=\"color: #327a44;\">MOVILEX in Panam\u00e1<\/p>\t\t\t\t\t\t<\/div>\n\t\t\t\t<\/div>\n\t\t\t\t<div class=\"elementor-element elementor-element-2cc675e2 elementor-widget elementor-widget-text-editor\" data-id=\"2cc675e2\" data-element_type=\"widget\" data-widget_type=\"text-editor.default\">\n\t\t\t\t<div class=\"elementor-widget-container\">\n\t\t\t\t\t\t\t<p><strong>Our presence in Panama<\/strong><\/p>\t\t\t\t\t\t<\/div>\n\t\t\t\t<\/div>\n\t\t\t\t<div class=\"elementor-element elementor-element-fcce7d4 elementor-widget elementor-widget-image\" data-id=\"fcce7d4\" data-element_type=\"widget\" data-widget_type=\"image.default\">\n\t\t\t\t<div class=\"elementor-widget-container\">\n\t\t\t<style>\/*! elementor - v3.14.0 - 26-06-2023 *\/\n.elementor-widget-image{text-align:center}.elementor-widget-image a{display:inline-block}.elementor-widget-image a img[src$=\".svg\"]{width:48px}.elementor-widget-image img{vertical-align:middle;display:inline-block}<\/style>\t\t\t\t\t\t\t\t\t\t\t\t<img decoding=\"async\" width=\"800\" height=\"534\" src=\"https:\/\/movilexrecycling.com\/en\/wp-content\/uploads\/2023\/05\/Depositphotos_210473276_XL-1024x683.jpg\" class=\"attachment-large size-large wp-image-4236\" alt=\"\" loading=\"lazy\" srcset=\"https:\/\/movilexrecycling.com\/en\/wp-content\/uploads\/2023\/05\/Depositphotos_210473276_XL-1024x683.jpg 1024w, https:\/\/movilexrecycling.com\/en\/wp-content\/uploads\/2023\/05\/Depositphotos_210473276_XL-300x200.jpg 300w, https:\/\/movilexrecycling.com\/en\/wp-content\/uploads\/2023\/05\/Depositphotos_210473276_XL-768x512.jpg 768w, https:\/\/movilexrecycling.com\/en\/wp-content\/uploads\/2023\/05\/Depositphotos_210473276_XL-1536x1024.jpg 1536w, https:\/\/movilexrecycling.com\/en\/wp-content\/uploads\/2023\/05\/Depositphotos_210473276_XL-2048x1365.jpg 2048w\" sizes=\"(max-width: 800px) 100vw, 800px\" \/>\t\t\t\t\t\t\t\t\t\t\t\t\t\t\t<\/div>\n\t\t\t\t<\/div>\n\t\t\t\t\t<\/div>\n\t\t<\/div>\n\t\t\t\t\t\t\t<\/div>\n\t\t<\/section>\n\t\t\t\t<section class=\"elementor-section elementor-top-section elementor-element elementor-element-15a24f62 elementor-section-boxed elementor-section-height-default elementor-section-height-default wpr-particle-no wpr-jarallax-no wpr-parallax-no wpr-sticky-section-no\" data-id=\"15a24f62\" data-element_type=\"section\">\n\t\t\t\t\t\t\t<div class=\"elementor-background-overlay\"><\/div>\n\t\t\t\t\t\t\t<div class=\"elementor-container elementor-column-gap-default\">\n\t\t\t\t\t<div class=\"elementor-column elementor-col-100 elementor-top-column elementor-element elementor-element-206d70ba\" data-id=\"206d70ba\" data-element_type=\"column\">\n\t\t\t<div class=\"elementor-widget-wrap elementor-element-populated\">\n\t\t\t\t\t\t\t\t<div class=\"elementor-element elementor-element-38329701 elementor-widget elementor-widget-heading\" data-id=\"38329701\" data-element_type=\"widget\" data-widget_type=\"heading.default\">\n\t\t\t\t<div class=\"elementor-widget-container\">\n\t\t\t<style>\/*! elementor - v3.14.0 - 26-06-2023 *\/\n.elementor-heading-title{padding:0;margin:0;line-height:1}.elementor-widget-heading .elementor-heading-title[class*=elementor-size-]>a{color:inherit;font-size:inherit;line-height:inherit}.elementor-widget-heading .elementor-heading-title.elementor-size-small{font-size:15px}.elementor-widget-heading .elementor-heading-title.elementor-size-medium{font-size:19px}.elementor-widget-heading .elementor-heading-title.elementor-size-large{font-size:29px}.elementor-widget-heading .elementor-heading-title.elementor-size-xl{font-size:39px}.elementor-widget-heading .elementor-heading-title.elementor-size-xxl{font-size:59px}<\/style><h2 class=\"elementor-heading-title elementor-size-default\">Plant of Panam\u00e1<\/h2>\t\t<\/div>\n\t\t\t\t<\/div>\n\t\t\t\t\t<\/div>\n\t\t<\/div>\n\t\t\t\t\t\t\t<\/div>\n\t\t<\/section>\n\t\t\t\t<section class=\"elementor-section elementor-top-section elementor-element elementor-element-4afea1ff elementor-section-boxed elementor-section-height-default elementor-section-height-default wpr-particle-no wpr-jarallax-no wpr-parallax-no wpr-sticky-section-no\" data-id=\"4afea1ff\" data-element_type=\"section\">\n\t\t\t\t\t\t\t<div class=\"elementor-background-overlay\"><\/div>\n\t\t\t\t\t\t\t<div class=\"elementor-container elementor-column-gap-default\">\n\t\t\t\t\t<div class=\"elementor-column elementor-col-50 elementor-top-column elementor-element elementor-element-751c9847\" data-id=\"751c9847\" data-element_type=\"column\">\n\t\t\t<div class=\"elementor-widget-wrap elementor-element-populated\">\n\t\t\t\t\t\t\t\t<div class=\"elementor-element elementor-element-1f57a21c elementor-invisible elementor-widget elementor-widget-image\" data-id=\"1f57a21c\" data-element_type=\"widget\" data-settings=\"{&quot;_animation&quot;:&quot;fadeInLeft&quot;}\" data-widget_type=\"image.default\">\n\t\t\t\t<div class=\"elementor-widget-container\">\n\t\t\t\t\t\t\t\t\t\t\t\t\t\t\t<img decoding=\"async\" width=\"800\" height=\"405\" src=\"https:\/\/movilexrecycling.com\/en\/wp-content\/uploads\/2023\/05\/barco-e1685537194828.jpg\" class=\"attachment-large size-large wp-image-4435\" alt=\"Planta de reciclaje\" loading=\"lazy\" srcset=\"https:\/\/movilexrecycling.com\/en\/wp-content\/uploads\/2023\/05\/barco-e1685537194828.jpg 933w, https:\/\/movilexrecycling.com\/en\/wp-content\/uploads\/2023\/05\/barco-e1685537194828-300x152.jpg 300w, https:\/\/movilexrecycling.com\/en\/wp-content\/uploads\/2023\/05\/barco-e1685537194828-768x389.jpg 768w\" sizes=\"(max-width: 800px) 100vw, 800px\" \/>\t\t\t\t\t\t\t\t\t\t\t\t\t\t\t<\/div>\n\t\t\t\t<\/div>\n\t\t\t\t\t<\/div>\n\t\t<\/div>\n\t\t\t\t<div class=\"elementor-column elementor-col-50 elementor-top-column elementor-element elementor-element-496d5ada\" data-id=\"496d5ada\" data-element_type=\"column\">\n\t\t\t<div class=\"elementor-widget-wrap elementor-element-populated\">\n\t\t\t\t\t\t\t\t<div class=\"elementor-element elementor-element-26cd35ea elementor-widget elementor-widget-text-editor\" data-id=\"26cd35ea\" data-element_type=\"widget\" data-widget_type=\"text-editor.default\">\n\t\t\t\t<div class=\"elementor-widget-container\">\n\t\t\t\t\t\t\t<p>There is currently a commercial team, in an office that focuses on marketing and logistics, for waste management in Central America, the Caribbean and South America, of different types of waste, to be able to be decontaminated and recovered in the plants in Europe.<\/p>\t\t\t\t\t\t<\/div>\n\t\t\t\t<\/div>\n\t\t\t\t\t<\/div>\n\t\t<\/div>\n\t\t\t\t\t\t\t<\/div>\n\t\t<\/section>\n\t\t\t\t<section class=\"elementor-section elementor-top-section elementor-element elementor-element-6a17641d elementor-section-boxed elementor-section-height-default elementor-section-height-default wpr-particle-no wpr-jarallax-no wpr-parallax-no wpr-sticky-section-no\" data-id=\"6a17641d\" data-element_type=\"section\">\n\t\t\t\t\t\t\t<div class=\"elementor-background-overlay\"><\/div>\n\t\t\t\t\t\t\t<div class=\"elementor-container elementor-column-gap-default\">\n\t\t\t\t\t<div class=\"elementor-column elementor-col-100 elementor-top-column elementor-element elementor-element-5bfbd9c2\" data-id=\"5bfbd9c2\" data-element_type=\"column\">\n\t\t\t<div class=\"elementor-widget-wrap elementor-element-populated\">\n\t\t\t\t\t\t\t\t<div class=\"elementor-element elementor-element-68fe2028 elementor-widget elementor-widget-heading\" data-id=\"68fe2028\" data-element_type=\"widget\" data-widget_type=\"heading.default\">\n\t\t\t\t<div class=\"elementor-widget-container\">\n\t\t\t<h2 class=\"elementor-heading-title elementor-size-default\">Other of our locations<\/h2>\t\t<\/div>\n\t\t\t\t<\/div>\n\t\t\t\t<div class=\"elementor-element elementor-element-41c42c9f elementor-widget elementor-widget-wpr-elementor-template\" data-id=\"41c42c9f\" data-element_type=\"widget\" data-widget_type=\"wpr-elementor-template.default\">\n\t\t\t\t<div class=\"elementor-widget-container\">\n\t\t\t\t\t<div data-elementor-type=\"section\" data-elementor-id=\"5006\" class=\"elementor elementor-5006\">\n\t\t\t\t\t\t\t\t\t<section class=\"elementor-section elementor-top-section elementor-element elementor-element-6b1f03fe elementor-section-boxed elementor-section-height-default elementor-section-height-default wpr-particle-no wpr-jarallax-no wpr-parallax-no wpr-sticky-section-no\" data-id=\"6b1f03fe\" data-element_type=\"section\">\n\t\t\t\t\t\t<div class=\"elementor-container elementor-column-gap-default\">\n\t\t\t\t\t<div class=\"elementor-column elementor-col-100 elementor-top-column elementor-element elementor-element-6e112a99\" data-id=\"6e112a99\" data-element_type=\"column\">\n\t\t\t<div class=\"elementor-widget-wrap elementor-element-populated\">\n\t\t\t\t\t\t\t\t<div class=\"elementor-element elementor-element-6613ff0b elementor-invisible elementor-widget elementor-widget-osm-map-elementor\" data-id=\"6613ff0b\" data-element_type=\"widget\" data-settings=\"{&quot;_animation&quot;:&quot;zoomIn&quot;}\" data-widget_type=\"osm-map-elementor.default\">\n\t\t\t\t<div class=\"elementor-widget-container\">\n\t\t\t<div id=\"osm-map-6613ff0b\" \r\n        class=\"osm-map-container\" \r\n        data-center=\"17.291984635642,-40.500800466544\"><\/div>        <script type=\"text\/javascript\">\r\n                    <\/script>\r\n        \t\t<\/div>\n\t\t\t\t<\/div>\n\t\t\t\t\t<\/div>\n\t\t<\/div>\n\t\t\t\t\t\t\t<\/div>\n\t\t<\/section>\n\t\t\t\t\t\t\t<\/div>\n\t\t<span class=\"wpr-template-edit-btn\" data-permalink=\"https:\/\/movilexrecycling.com\/en\/?elementor_library=mapamundi\">Edit Template<\/span>\t\t<\/div>\n\t\t\t\t<\/div>\n\t\t\t\t\t<\/div>\n\t\t<\/div>\n\t\t\t\t\t\t\t<\/div>\n\t\t<\/section>\n\t\t\t\t<section class=\"elementor-section elementor-top-section elementor-element elementor-element-b3ac434 elementor-section-boxed elementor-section-height-default elementor-section-height-default wpr-particle-no wpr-jarallax-no wpr-parallax-no wpr-sticky-section-no\" data-id=\"b3ac434\" data-element_type=\"section\">\n\t\t\t\t\t\t\t<div class=\"elementor-background-overlay\"><\/div>\n\t\t\t\t\t\t\t<div class=\"elementor-container elementor-column-gap-default\">\n\t\t\t\t\t<div class=\"elementor-column elementor-col-100 elementor-top-column elementor-element elementor-element-3bae5b0f\" data-id=\"3bae5b0f\" data-element_type=\"column\">\n\t\t\t<div class=\"elementor-widget-wrap elementor-element-populated\">\n\t\t\t\t\t\t\t\t<div class=\"elementor-element elementor-element-27963def elementor-widget elementor-widget-heading\" data-id=\"27963def\" data-element_type=\"widget\" data-widget_type=\"heading.default\">\n\t\t\t\t<div class=\"elementor-widget-container\">\n\t\t\t<h2 class=\"elementor-heading-title elementor-size-default\"><a href=\"http:\/\/desarrollo.movilex.es\/economia-circular\/\">We are committed to the environment and have several certifications and authorizations<\/a><\/h2>\t\t<\/div>\n\t\t\t\t<\/div>\n\t\t\t\t<div class=\"elementor-element elementor-element-7e567ac1 elementor-align-center elementor-widget elementor-widget-button\" data-id=\"7e567ac1\" data-element_type=\"widget\" data-widget_type=\"button.default\">\n\t\t\t\t<div class=\"elementor-widget-container\">\n\t\t\t\t\t<div class=\"elementor-button-wrapper\">\n\t\t\t<a class=\"elementor-button elementor-button-link elementor-size-md\" href=\"https:\/\/movilexrecycling.com\/en\/circular-economy\/\">\n\t\t\t\t\t\t<span class=\"elementor-button-content-wrapper\">\n\t\t\t\t\t\t<span class=\"elementor-button-text\">Our Circular Economy<\/span>\n\t\t<\/span>\n\t\t\t\t\t<\/a>\n\t\t<\/div>\n\t\t\t\t<\/div>\n\t\t\t\t<\/div>\n\t\t\t\t\t<\/div>\n\t\t<\/div>\n\t\t\t\t\t\t\t<\/div>\n\t\t<\/section>\n\t\t\t\t\t\t\t<\/div>\n\t\t","protected":false},"excerpt":{"rendered":"<p>MOVILEX in Panam\u00e1 Our presence in Panama Plant of Panam\u00e1 There is currently a commercial team, in an office that focuses on marketing and logistics, for waste management in Central America, the Caribbean and South America, of different types of waste, to be able to be decontaminated and recovered in the plants in Europe. Other [&hellip;]<\/p>\n","protected":false},"author":1,"featured_media":0,"parent":0,"menu_order":0,"comment_status":"closed","ping_status":"closed","template":"elementor_header_footer","meta":{"_mi_skip_tracking":false,"_monsterinsights_sitenote_active":false,"_monsterinsights_sitenote_note":"","_monsterinsights_sitenote_category":0},"yoast_head":"<!-- This site is optimized with the Yoast SEO plugin v20.11 - https:\/\/yoast.com\/wordpress\/plugins\/seo\/ -->\n<title>Panam\u00e1 - Movilex<\/title>\n<meta name=\"robots\" content=\"index, follow, max-snippet:-1, max-image-preview:large, max-video-preview:-1\" \/>\n<link rel=\"canonical\" href=\"https:\/\/movilexrecycling.com\/en\/panama\/\" \/>\n<meta property=\"og:locale\" content=\"es_ES\" \/>\n<meta property=\"og:type\" content=\"article\" \/>\n<meta property=\"og:title\" content=\"Panam\u00e1 - Movilex\" \/>\n<meta property=\"og:description\" content=\"MOVILEX in Panam\u00e1 Our presence in Panama Plant of Panam\u00e1 There is currently a commercial team, in an office that focuses on marketing and logistics, for waste management in Central America, the Caribbean and South America, of different types of waste, to be able to be decontaminated and recovered in the plants in Europe. Other [&hellip;]\" \/>\n<meta property=\"og:url\" content=\"https:\/\/movilexrecycling.com\/en\/panama\/\" \/>\n<meta property=\"og:site_name\" content=\"Movilex\" \/>\n<meta property=\"article:modified_time\" content=\"2023-07-07T10:58:58+00:00\" \/>\n<meta property=\"og:image\" content=\"https:\/\/movilexrecycling.com\/en\/wp-content\/uploads\/2023\/05\/Depositphotos_210473276_XL-1024x683.jpg\" \/>\n<meta name=\"twitter:card\" content=\"summary_large_image\" \/>\n<meta name=\"twitter:label1\" content=\"Tiempo de lectura\" \/>\n\t<meta name=\"twitter:data1\" content=\"14 minutos\" \/>\n<script type=\"application\/ld+json\" class=\"yoast-schema-graph\">{\"@context\":\"https:\/\/schema.org\",\"@graph\":[{\"@type\":\"WebPage\",\"@id\":\"https:\/\/movilexrecycling.com\/en\/panama\/\",\"url\":\"https:\/\/movilexrecycling.com\/en\/panama\/\",\"name\":\"Panam\u00e1 - Movilex\",\"isPartOf\":{\"@id\":\"https:\/\/movilexrecycling.com\/en\/#website\"},\"datePublished\":\"2023-05-05T09:08:20+00:00\",\"dateModified\":\"2023-07-07T10:58:58+00:00\",\"breadcrumb\":{\"@id\":\"https:\/\/movilexrecycling.com\/en\/panama\/#breadcrumb\"},\"inLanguage\":\"es\",\"potentialAction\":[{\"@type\":\"ReadAction\",\"target\":[\"https:\/\/movilexrecycling.com\/en\/panama\/\"]}]},{\"@type\":\"BreadcrumbList\",\"@id\":\"https:\/\/movilexrecycling.com\/en\/panama\/#breadcrumb\",\"itemListElement\":[{\"@type\":\"ListItem\",\"position\":1,\"name\":\"Portada\",\"item\":\"https:\/\/movilexrecycling.com\/en\/\"},{\"@type\":\"ListItem\",\"position\":2,\"name\":\"Panam\u00e1\"}]},{\"@type\":\"WebSite\",\"@id\":\"https:\/\/movilexrecycling.com\/en\/#website\",\"url\":\"https:\/\/movilexrecycling.com\/en\/\",\"name\":\"Movilex\",\"description\":\"We are Circular Economy\",\"potentialAction\":[{\"@type\":\"SearchAction\",\"target\":{\"@type\":\"EntryPoint\",\"urlTemplate\":\"https:\/\/movilexrecycling.com\/en\/?s={search_term_string}\"},\"query-input\":\"required name=search_term_string\"}],\"inLanguage\":\"es\"}]}<\/script>\n<!-- \/ Yoast SEO plugin. -->","yoast_head_json":{"title":"Panam\u00e1 - Movilex","robots":{"index":"index","follow":"follow","max-snippet":"max-snippet:-1","max-image-preview":"max-image-preview:large","max-video-preview":"max-video-preview:-1"},"canonical":"https:\/\/movilexrecycling.com\/en\/panama\/","og_locale":"es_ES","og_type":"article","og_title":"Panam\u00e1 - Movilex","og_description":"MOVILEX in Panam\u00e1 Our presence in Panama Plant of Panam\u00e1 There is currently a commercial team, in an office that focuses on marketing and logistics, for waste management in Central America, the Caribbean and South America, of different types of waste, to be able to be decontaminated and recovered in the plants in Europe. Other [&hellip;]","og_url":"https:\/\/movilexrecycling.com\/en\/panama\/","og_site_name":"Movilex","article_modified_time":"2023-07-07T10:58:58+00:00","og_image":[{"url":"https:\/\/movilexrecycling.com\/en\/wp-content\/uploads\/2023\/05\/Depositphotos_210473276_XL-1024x683.jpg"}],"twitter_card":"summary_large_image","twitter_misc":{"Tiempo de lectura":"14 minutos"},"schema":{"@context":"https:\/\/schema.org","@graph":[{"@type":"WebPage","@id":"https:\/\/movilexrecycling.com\/en\/panama\/","url":"https:\/\/movilexrecycling.com\/en\/panama\/","name":"Panam\u00e1 - Movilex","isPartOf":{"@id":"https:\/\/movilexrecycling.com\/en\/#website"},"datePublished":"2023-05-05T09:08:20+00:00","dateModified":"2023-07-07T10:58:58+00:00","breadcrumb":{"@id":"https:\/\/movilexrecycling.com\/en\/panama\/#breadcrumb"},"inLanguage":"es","potentialAction":[{"@type":"ReadAction","target":["https:\/\/movilexrecycling.com\/en\/panama\/"]}]},{"@type":"BreadcrumbList","@id":"https:\/\/movilexrecycling.com\/en\/panama\/#breadcrumb","itemListElement":[{"@type":"ListItem","position":1,"name":"Portada","item":"https:\/\/movilexrecycling.com\/en\/"},{"@type":"ListItem","position":2,"name":"Panam\u00e1"}]},{"@type":"WebSite","@id":"https:\/\/movilexrecycling.com\/en\/#website","url":"https:\/\/movilexrecycling.com\/en\/","name":"Movilex","description":"We are Circular Economy","potentialAction":[{"@type":"SearchAction","target":{"@type":"EntryPoint","urlTemplate":"https:\/\/movilexrecycling.com\/en\/?s={search_term_string}"},"query-input":"required name=search_term_string"}],"inLanguage":"es"}]}},"_links":{"self":[{"href":"https:\/\/movilexrecycling.com\/en\/wp-json\/wp\/v2\/pages\/3415"}],"collection":[{"href":"https:\/\/movilexrecycling.com\/en\/wp-json\/wp\/v2\/pages"}],"about":[{"href":"https:\/\/movilexrecycling.com\/en\/wp-json\/wp\/v2\/types\/page"}],"author":[{"embeddable":true,"href":"https:\/\/movilexrecycling.com\/en\/wp-json\/wp\/v2\/users\/1"}],"replies":[{"embeddable":true,"href":"https:\/\/movilexrecycling.com\/en\/wp-json\/wp\/v2\/comments?post=3415"}],"version-history":[{"count":25,"href":"https:\/\/movilexrecycling.com\/en\/wp-json\/wp\/v2\/pages\/3415\/revisions"}],"predecessor-version":[{"id":5150,"href":"https:\/\/movilexrecycling.com\/en\/wp-json\/wp\/v2\/pages\/3415\/revisions\/5150"}],"wp:attachment":[{"href":"https:\/\/movilexrecycling.com\/en\/wp-json\/wp\/v2\/media?parent=3415"}],"curies":[{"name":"wp","href":"https:\/\/api.w.org\/{rel}","templated":true}]}}